{"id":112,"date":"2018-02-27T16:32:45","date_gmt":"2018-02-27T15:32:45","guid":{"rendered":"http:\/\/societe-histoire-naissance.fr\/?page_id=112"},"modified":"2018-03-21T10:06:36","modified_gmt":"2018-03-21T09:06:36","slug":"journee-detude-du-10-mars-2012","status":"publish","type":"page","link":"https:\/\/societe-histoire-naissance.fr\/?page_id=112","title":{"rendered":"Journ\u00e9e d\u2019\u00e9tudes du 10 Mars 2012"},"content":{"rendered":"<h3 class=\"h3 spip\">Programme de la Journ\u00e9e d\u2019\u00e9tudes du 10 Mars 2012<\/h3>\n<p>Accueil \u00e0 9h<\/p>\n<table class=\"spip\">\n<thead>\n<tr class=\"row_first\">\n<th scope=\"col\">Intervenants<\/th>\n<th scope=\"col\">Programme<\/th>\n<\/tr>\n<\/thead>\n<tbody>\n<tr class=\"row_even\">\n<td><strong>Charlotte Chelle<\/strong>, <i>Philosophe UFR de Philosophie Bordeaux\u00a0III<\/i><\/td>\n<td>Les choix de la Naissance\u00a0: Aspects \u00e9thiques de la m\u00e9dicalisation de la naissance.\u2028 Les \u00e9chos des \u00e9chos, ou les choix de l\u2019imagerie f\u0153tale<\/td>\n<\/tr>\n<tr class=\"row_odd\">\n<td><strong>Obrillant Damus<\/strong>, <i>Sociologue<\/i><\/td>\n<td>Les rites de naissance. Etude men\u00e9e aupr\u00e8s des sages-femmes traditionnelles.<\/td>\n<\/tr>\n<tr class=\"row_even\">\n<td><strong>Sandrine Garcia\u00a0<\/strong>, <i>Ma\u00eetre de Conf\u00e9rences en sociologie, Universit\u00e9 de Paris Dauphine<\/i><\/td>\n<td>\u00ab\u00a0M\u00e8res sous influence\u00a0\u00bb<\/td>\n<\/tr>\n<tr class=\"row_odd\">\n<td><strong>Jacques Milliez<\/strong>, <i>Professeur de Gyn\u00e9cologie-Obst\u00e9trique<\/i><\/td>\n<td>L\u2019Obst\u00e9trique, hier, aujourd\u2019hui et&#8230;demain\u00a0?<\/td>\n<\/tr>\n<\/tbody>\n<\/table>\n","protected":false},"excerpt":{"rendered":"<p>Programme de la Journ\u00e9e d\u2019\u00e9tudes du 10 Mars 2012 Accueil \u00e0 9h Intervenants Programme Charlotte Chelle, Philosophe UFR de Philosophie Bordeaux\u00a0III Les choix de la Naissance\u00a0: Aspects \u00e9thiques de la m\u00e9dicalisation de la naissance.\u2028 Les \u00e9chos des \u00e9chos, ou les choix de l\u2019imagerie f\u0153tale Obrillant Damus, Sociologue Les rites de naissance. Etude men\u00e9e aupr\u00e8s des&hellip;<\/p>\n<p class=\"more-link-wrapper\"><a class=\"more-link\" href=\"https:\/\/societe-histoire-naissance.fr\/?page_id=112\">Continue<\/a><\/p>\n","protected":false},"author":1,"featured_media":0,"parent":57,"menu_order":0,"comment_status":"closed","ping_status":"closed","template":"","meta":{"footnotes":""},"_links":{"self":[{"href":"https:\/\/societe-histoire-naissance.fr\/index.php?rest_route=\/wp\/v2\/pages\/112"}],"collection":[{"href":"https:\/\/societe-histoire-naissance.fr\/index.php?rest_route=\/wp\/v2\/pages"}],"about":[{"href":"https:\/\/societe-histoire-naissance.fr\/index.php?rest_route=\/wp\/v2\/types\/page"}],"author":[{"embeddable":true,"href":"https:\/\/societe-histoire-naissance.fr\/index.php?rest_route=\/wp\/v2\/users\/1"}],"replies":[{"embeddable":true,"href":"https:\/\/societe-histoire-naissance.fr\/index.php?rest_route=%2Fwp%2Fv2%2Fcomments&post=112"}],"version-history":[{"count":2,"href":"https:\/\/societe-histoire-naissance.fr\/index.php?rest_route=\/wp\/v2\/pages\/112\/revisions"}],"predecessor-version":[{"id":150,"href":"https:\/\/societe-histoire-naissance.fr\/index.php?rest_route=\/wp\/v2\/pages\/112\/revisions\/150"}],"up":[{"embeddable":true,"href":"https:\/\/societe-histoire-naissance.fr\/index.php?rest_route=\/wp\/v2\/pages\/57"}],"wp:attachment":[{"href":"https:\/\/societe-histoire-naissance.fr\/index.php?rest_route=%2Fwp%2Fv2%2Fmedia&parent=112"}],"curies":[{"name":"wp","href":"https:\/\/api.w.org\/{rel}","templated":true}]}}