{"id":12,"date":"2018-01-15T21:33:05","date_gmt":"2018-01-15T20:33:05","guid":{"rendered":"http:\/\/societe-histoire-naissance.fr\/?page_id=12"},"modified":"2019-05-15T18:07:45","modified_gmt":"2019-05-15T16:07:45","slug":"activites-shn","status":"publish","type":"page","link":"https:\/\/societe-histoire-naissance.fr\/?page_id=12","title":{"rendered":"Activit\u00e9s SHN"},"content":{"rendered":"<p><em>Vous trouverez dans cette rubrique les programmes des journ\u00e9es d\u2019\u00e9tudes et les archives des conf\u00e9rences propos\u00e9es, ainsi que les programmes des colloques de la S.H.N.<\/em><\/p>\n<p>Les Journ\u00e9es se d\u00e9roulent\u00a0<strong>actuellement\u00a0<\/strong>:<\/p>\n<p><strong>Groupe Hospitalier Diaconesses Croix Saint-Simon<\/strong><br \/>\n<strong>P\u00f4le Maternit\u00e9-Fertilit\u00e9<\/strong><br \/>\n<strong>18 rue du Sergent Bauchat<\/strong><br \/>\n<strong>75012 Paris<\/strong><\/p>\n<p>Entr\u00e9e par la grille blanche : la salle France Qu\u00e9r\u00e9 est dans le b\u00e2timent en face (suivre les panneaux)<\/p>\n<p><strong>M\u00e9tro : Montgallet ou Nation<\/strong><\/p>\n","protected":false},"excerpt":{"rendered":"<p>Vous trouverez dans cette rubrique les programmes des journ\u00e9es d\u2019\u00e9tudes et les archives des conf\u00e9rences propos\u00e9es, ainsi que les programmes des colloques de la S.H.N. Les Journ\u00e9es se d\u00e9roulent\u00a0actuellement\u00a0: Groupe Hospitalier Diaconesses Croix Saint-Simon P\u00f4le Maternit\u00e9-Fertilit\u00e9 18 rue du Sergent Bauchat 75012 Paris Entr\u00e9e par la grille blanche : la salle France Qu\u00e9r\u00e9 est dans&hellip;<\/p>\n<p class=\"more-link-wrapper\"><a class=\"more-link\" href=\"https:\/\/societe-histoire-naissance.fr\/?page_id=12\">Continue<\/a><\/p>\n","protected":false},"author":1,"featured_media":0,"parent":0,"menu_order":0,"comment_status":"closed","ping_status":"closed","template":"","meta":{"footnotes":""},"_links":{"self":[{"href":"https:\/\/societe-histoire-naissance.fr\/index.php?rest_route=\/wp\/v2\/pages\/12"}],"collection":[{"href":"https:\/\/societe-histoire-naissance.fr\/index.php?rest_route=\/wp\/v2\/pages"}],"about":[{"href":"https:\/\/societe-histoire-naissance.fr\/index.php?rest_route=\/wp\/v2\/types\/page"}],"author":[{"embeddable":true,"href":"https:\/\/societe-histoire-naissance.fr\/index.php?rest_route=\/wp\/v2\/users\/1"}],"replies":[{"embeddable":true,"href":"https:\/\/societe-histoire-naissance.fr\/index.php?rest_route=%2Fwp%2Fv2%2Fcomments&post=12"}],"version-history":[{"count":5,"href":"https:\/\/societe-histoire-naissance.fr\/index.php?rest_route=\/wp\/v2\/pages\/12\/revisions"}],"predecessor-version":[{"id":308,"href":"https:\/\/societe-histoire-naissance.fr\/index.php?rest_route=\/wp\/v2\/pages\/12\/revisions\/308"}],"wp:attachment":[{"href":"https:\/\/societe-histoire-naissance.fr\/index.php?rest_route=%2Fwp%2Fv2%2Fmedia&parent=12"}],"curies":[{"name":"wp","href":"https:\/\/api.w.org\/{rel}","templated":true}]}}