{"id":129,"date":"2018-03-21T09:51:40","date_gmt":"2018-03-21T08:51:40","guid":{"rendered":"http:\/\/societe-histoire-naissance.fr\/?page_id=129"},"modified":"2018-03-21T10:05:13","modified_gmt":"2018-03-21T09:05:13","slug":"journee-detude-du-8-juin-2013","status":"publish","type":"page","link":"https:\/\/societe-histoire-naissance.fr\/?page_id=129","title":{"rendered":"Journ\u00e9e d\u2019\u00e9tudes du 8 juin 2013"},"content":{"rendered":"<p>8 juin 2013 &#8211; \u00c9cole de sages-femmes BAUDELOCQUE \u2028Universit\u00e9 Paris V &#8211; Facult\u00e9 de M\u00e9decine Paris Descartes<\/p>\n","protected":false},"excerpt":{"rendered":"<p>8 juin 2013 &#8211; \u00c9cole de sages-femmes BAUDELOCQUE \u2028Universit\u00e9 Paris V &#8211; Facult\u00e9 de M\u00e9decine Paris Descartes<\/p>\n","protected":false},"author":1,"featured_media":0,"parent":57,"menu_order":0,"comment_status":"closed","ping_status":"closed","template":"","meta":{"footnotes":""},"_links":{"self":[{"href":"https:\/\/societe-histoire-naissance.fr\/index.php?rest_route=\/wp\/v2\/pages\/129"}],"collection":[{"href":"https:\/\/societe-histoire-naissance.fr\/index.php?rest_route=\/wp\/v2\/pages"}],"about":[{"href":"https:\/\/societe-histoire-naissance.fr\/index.php?rest_route=\/wp\/v2\/types\/page"}],"author":[{"embeddable":true,"href":"https:\/\/societe-histoire-naissance.fr\/index.php?rest_route=\/wp\/v2\/users\/1"}],"replies":[{"embeddable":true,"href":"https:\/\/societe-histoire-naissance.fr\/index.php?rest_route=%2Fwp%2Fv2%2Fcomments&post=129"}],"version-history":[{"count":2,"href":"https:\/\/societe-histoire-naissance.fr\/index.php?rest_route=\/wp\/v2\/pages\/129\/revisions"}],"predecessor-version":[{"id":147,"href":"https:\/\/societe-histoire-naissance.fr\/index.php?rest_route=\/wp\/v2\/pages\/129\/revisions\/147"}],"up":[{"embeddable":true,"href":"https:\/\/societe-histoire-naissance.fr\/index.php?rest_route=\/wp\/v2\/pages\/57"}],"wp:attachment":[{"href":"https:\/\/societe-histoire-naissance.fr\/index.php?rest_route=%2Fwp%2Fv2%2Fmedia&parent=129"}],"curies":[{"name":"wp","href":"https:\/\/api.w.org\/{rel}","templated":true}]}}