{"id":13,"date":"2018-01-15T21:33:05","date_gmt":"2018-01-15T20:33:05","guid":{"rendered":"http:\/\/societe-histoire-naissance.fr\/?page_id=13"},"modified":"2026-02-15T17:30:33","modified_gmt":"2026-02-15T16:30:33","slug":"publications","status":"publish","type":"page","link":"https:\/\/societe-histoire-naissance.fr\/?page_id=13","title":{"rendered":"Publications"},"content":{"rendered":"<p><blockquote class=\"wp-embedded-content\" data-secret=\"kSOWI8KvO0\"><a href=\"https:\/\/societe-histoire-naissance.fr\/?page_id=90\">Biographie de Jean-Louis Baudelocque<\/a><\/blockquote><iframe class=\"wp-embedded-content\" sandbox=\"allow-scripts\" security=\"restricted\" style=\"position: absolute; clip: rect(1px, 1px, 1px, 1px);\" title=\"\u00ab\u00a0Biographie de Jean-Louis Baudelocque\u00a0\u00bb &#8212; Soci\u00e9t\u00e9 d&#039;Histoire de la Naissance\" src=\"https:\/\/societe-histoire-naissance.fr\/?page_id=90&#038;embed=true#?secret=uNov1qUkdG#?secret=kSOWI8KvO0\" data-secret=\"kSOWI8KvO0\" width=\"600\" height=\"338\" frameborder=\"0\" marginwidth=\"0\" marginheight=\"0\" scrolling=\"no\"><\/iframe><\/p>\n<p>La conception de la reproduction humaine dans la Gr\u00e8ce ancienne<\/p>\n<p>&nbsp;<\/p>\n<p><blockquote class=\"wp-embedded-content\" data-secret=\"KHLQOZs23K\"><a href=\"https:\/\/societe-histoire-naissance.fr\/?page_id=96\">Histoire de la naissance en Occident (XVIIe &#8211; XXe si\u00e8cles)<\/a><\/blockquote><iframe class=\"wp-embedded-content\" sandbox=\"allow-scripts\" security=\"restricted\" style=\"position: absolute; clip: rect(1px, 1px, 1px, 1px);\" title=\"\u00ab\u00a0Histoire de la naissance en Occident (XVIIe &#8211; XXe si\u00e8cles)\u00a0\u00bb &#8212; Soci\u00e9t\u00e9 d&#039;Histoire de la Naissance\" src=\"https:\/\/societe-histoire-naissance.fr\/?page_id=96&#038;embed=true#?secret=o6EjcolGOw#?secret=KHLQOZs23K\" data-secret=\"KHLQOZs23K\" width=\"600\" height=\"338\" frameborder=\"0\" marginwidth=\"0\" marginheight=\"0\" scrolling=\"no\"><\/iframe><\/p>\n<p>Une femme parmi les obst\u00e9triciens du XVIIe si\u00e8cle : Louise Bourgeois<\/p>\n<p><blockquote class=\"wp-embedded-content\" data-secret=\"oi2JI9DL9c\"><a href=\"https:\/\/societe-histoire-naissance.fr\/?page_id=174\">Les \u00ab\u00a0usines \u00e0 b\u00e9b\u00e9s\u00a0\u00bb, une anticipation du meilleur des mondes<\/a><\/blockquote><iframe class=\"wp-embedded-content\" sandbox=\"allow-scripts\" security=\"restricted\" style=\"position: absolute; clip: rect(1px, 1px, 1px, 1px);\" title=\"\u00ab\u00a0Les \u00ab\u00a0usines \u00e0 b\u00e9b\u00e9s\u00a0\u00bb, une anticipation du meilleur des mondes\u00a0\u00bb &#8212; Soci\u00e9t\u00e9 d&#039;Histoire de la Naissance\" src=\"https:\/\/societe-histoire-naissance.fr\/?page_id=174&#038;embed=true#?secret=86pa4UQr5n#?secret=oi2JI9DL9c\" data-secret=\"oi2JI9DL9c\" width=\"600\" height=\"338\" frameborder=\"0\" marginwidth=\"0\" marginheight=\"0\" scrolling=\"no\"><\/iframe><\/p>\n\n\n<figure class=\"wp-block-embed is-type-wp-embed is-provider-soci-t-d-039-histoire-de-la-naissance wp-block-embed-soci-t-d-039-histoire-de-la-naissance\"><div class=\"wp-block-embed__wrapper\">\n<blockquote class=\"wp-embedded-content\" data-secret=\"WCxnkQQYyq\"><a href=\"https:\/\/societe-histoire-naissance.fr\/?p=548\">Les actes des colloques de la SHN<\/a><\/blockquote><iframe class=\"wp-embedded-content\" sandbox=\"allow-scripts\" security=\"restricted\" style=\"position: absolute; clip: rect(1px, 1px, 1px, 1px);\" title=\"\u00ab\u00a0Les actes des colloques de la SHN\u00a0\u00bb &#8212; Soci\u00e9t\u00e9 d&#039;Histoire de la Naissance\" src=\"https:\/\/societe-histoire-naissance.fr\/?p=548&#038;embed=true#?secret=Pd9XwNB3c3#?secret=WCxnkQQYyq\" data-secret=\"WCxnkQQYyq\" width=\"600\" height=\"338\" frameborder=\"0\" marginwidth=\"0\" marginheight=\"0\" scrolling=\"no\"><\/iframe>\n<\/div><figcaption class=\"wp-element-caption\">Les actes des colloques de la SHN<\/figcaption><\/figure>\n","protected":false},"excerpt":{"rendered":"<p>Biographie de Jean-Louis Baudelocque La conception de la reproduction humaine dans la Gr\u00e8ce ancienne &nbsp; Histoire de la naissance en Occident (XVIIe &#8211; XXe si\u00e8cles) Une femme parmi les obst\u00e9triciens du XVIIe si\u00e8cle : Louise Bourgeois Les \u00ab\u00a0usines \u00e0 b\u00e9b\u00e9s\u00a0\u00bb, une anticipation du meilleur des mondes<\/p>\n","protected":false},"author":1,"featured_media":0,"parent":0,"menu_order":0,"comment_status":"closed","ping_status":"closed","template":"","meta":{"footnotes":""},"_links":{"self":[{"href":"https:\/\/societe-histoire-naissance.fr\/index.php?rest_route=\/wp\/v2\/pages\/13"}],"collection":[{"href":"https:\/\/societe-histoire-naissance.fr\/index.php?rest_route=\/wp\/v2\/pages"}],"about":[{"href":"https:\/\/societe-histoire-naissance.fr\/index.php?rest_route=\/wp\/v2\/types\/page"}],"author":[{"embeddable":true,"href":"https:\/\/societe-histoire-naissance.fr\/index.php?rest_route=\/wp\/v2\/users\/1"}],"replies":[{"embeddable":true,"href":"https:\/\/societe-histoire-naissance.fr\/index.php?rest_route=%2Fwp%2Fv2%2Fcomments&post=13"}],"version-history":[{"count":6,"href":"https:\/\/societe-histoire-naissance.fr\/index.php?rest_route=\/wp\/v2\/pages\/13\/revisions"}],"predecessor-version":[{"id":560,"href":"https:\/\/societe-histoire-naissance.fr\/index.php?rest_route=\/wp\/v2\/pages\/13\/revisions\/560"}],"wp:attachment":[{"href":"https:\/\/societe-histoire-naissance.fr\/index.php?rest_route=%2Fwp%2Fv2%2Fmedia&parent=13"}],"curies":[{"name":"wp","href":"https:\/\/api.w.org\/{rel}","templated":true}]}}