{"id":135,"date":"2018-03-21T09:57:18","date_gmt":"2018-03-21T08:57:18","guid":{"rendered":"http:\/\/societe-histoire-naissance.fr\/?page_id=135"},"modified":"2018-03-21T10:05:26","modified_gmt":"2018-03-21T09:05:26","slug":"journee-detudes-du-14-juin-2014","status":"publish","type":"page","link":"https:\/\/societe-histoire-naissance.fr\/?page_id=135","title":{"rendered":"Journ\u00e9e d&#8217;\u00e9tudes du 14 juin 2014"},"content":{"rendered":"<div class=\"surlignable\">\n<div class=\"chapo\">\n<p><em>La prochaine Journ\u00e9e d\u2019\u00e9tudes de la SHN se d\u00e9roulera le samedi 14 juin \u00e0 l\u2019\u00c9cole de sages-femmes de Saint-Vincent-de-Paul. Au programme&#8230;<\/em><\/p>\n<\/div>\n<div class=\"texte\">\n<p>9h30 \u2013 11h\u00a0: Paul Cesbron, gyn\u00e9cologue-obst\u00e9tricien\u00a0: Les secrets de la Mort Subite Inexpliqu\u00e9e du nourrisson (M.S.I.).<\/p>\n<p>11h &#8211; 12h30\u00a0: Marika Moisseff, anthropologue (C.N.R.S.)\u00a0: Nature, contre-culture et pouvoir animalisant de la viviparit\u00e9.<\/p>\n<p>12h30 \u2013 14h\u00a0: D\u00e9jeuner<\/p>\n<p>14h &#8211; 15h30\u00a0: Laurent Vercoustre, gyn\u00e9cologue-obst\u00e9tricien\u00a0: L\u2019\u00e9preuve du travail, v\u00e9rit\u00e9, \u00e9v\u00e9nement et m\u00e9decine des crises.<\/p>\n<p>15h30- 17h\u00a0: Ma\u00ef Le Du, sage-femme\u00a0: La nature en libert\u00e9 surveill\u00e9e. Les secteurs physiologiques dans les maternit\u00e9s high tech.<\/p>\n<\/div>\n<\/div>\n","protected":false},"excerpt":{"rendered":"<p>La prochaine Journ\u00e9e d\u2019\u00e9tudes de la SHN se d\u00e9roulera le samedi 14 juin \u00e0 l\u2019\u00c9cole de sages-femmes de Saint-Vincent-de-Paul. Au programme&#8230; 9h30 \u2013 11h\u00a0: Paul Cesbron, gyn\u00e9cologue-obst\u00e9tricien\u00a0: Les secrets de la Mort Subite Inexpliqu\u00e9e du nourrisson (M.S.I.). 11h &#8211; 12h30\u00a0: Marika Moisseff, anthropologue (C.N.R.S.)\u00a0: Nature, contre-culture et pouvoir animalisant de la viviparit\u00e9. 12h30 \u2013 14h\u00a0:&hellip;<\/p>\n<p class=\"more-link-wrapper\"><a class=\"more-link\" href=\"https:\/\/societe-histoire-naissance.fr\/?page_id=135\">Continue<\/a><\/p>\n","protected":false},"author":1,"featured_media":0,"parent":57,"menu_order":0,"comment_status":"closed","ping_status":"closed","template":"","meta":{"footnotes":""},"_links":{"self":[{"href":"https:\/\/societe-histoire-naissance.fr\/index.php?rest_route=\/wp\/v2\/pages\/135"}],"collection":[{"href":"https:\/\/societe-histoire-naissance.fr\/index.php?rest_route=\/wp\/v2\/pages"}],"about":[{"href":"https:\/\/societe-histoire-naissance.fr\/index.php?rest_route=\/wp\/v2\/types\/page"}],"author":[{"embeddable":true,"href":"https:\/\/societe-histoire-naissance.fr\/index.php?rest_route=\/wp\/v2\/users\/1"}],"replies":[{"embeddable":true,"href":"https:\/\/societe-histoire-naissance.fr\/index.php?rest_route=%2Fwp%2Fv2%2Fcomments&post=135"}],"version-history":[{"count":1,"href":"https:\/\/societe-histoire-naissance.fr\/index.php?rest_route=\/wp\/v2\/pages\/135\/revisions"}],"predecessor-version":[{"id":136,"href":"https:\/\/societe-histoire-naissance.fr\/index.php?rest_route=\/wp\/v2\/pages\/135\/revisions\/136"}],"up":[{"embeddable":true,"href":"https:\/\/societe-histoire-naissance.fr\/index.php?rest_route=\/wp\/v2\/pages\/57"}],"wp:attachment":[{"href":"https:\/\/societe-histoire-naissance.fr\/index.php?rest_route=%2Fwp%2Fv2%2Fmedia&parent=135"}],"curies":[{"name":"wp","href":"https:\/\/api.w.org\/{rel}","templated":true}]}}