{"id":137,"date":"2018-03-21T09:58:23","date_gmt":"2018-03-21T08:58:23","guid":{"rendered":"http:\/\/societe-histoire-naissance.fr\/?page_id=137"},"modified":"2018-03-21T10:05:21","modified_gmt":"2018-03-21T09:05:21","slug":"journee-detudes-du-15-mars-2014","status":"publish","type":"page","link":"https:\/\/societe-histoire-naissance.fr\/?page_id=137","title":{"rendered":"Journ\u00e9e d\u2019\u00e9tudes du 15 mars 2014"},"content":{"rendered":"<div class=\"surlignable\">\n<div class=\"chapo\">\n<p><em>La prochaine Journ\u00e9e d\u2019\u00e9tudes de la SHN se d\u00e9roulera le samedi 15 mars \u00e0 l\u2019\u00c9cole de sages-femmes de Saint-Vincent-de-Paul. Au programme&#8230;<\/em><\/p>\n<\/div>\n<div class=\"texte\">\n<p>PROGRAMME DU SAMEDI 15 MARS 2014<\/p>\n<p>9h30 \u2013 11h\u00a0: Paul DE REU, RM PhD\u00a0: &#8220;Audit p\u00e9rinatal, la vo\u00fbte pour la qualit\u00e9 des soins en p\u00e9rinatalogie\u00a0\u00bb<\/p>\n<p>11h &#8211; 12h30\u00a0: Danielle RAPOPORT, psychologue clinicienne\u00a0: &#8220;Les grandes transformations de l\u2019accueil et des soins des nourrissons et de la petite enfance\u00a0: interview film\u00e9e, en pr\u00e9sence de Danielle Rapoport\u00a0\u00bb<\/p>\n<p>12h30 \u2013 14h\u00a0: D\u00e9jeuner<\/p>\n<p>14h &#8211; 15h30\u00a0: J\u00e9r\u00f4me JANICKI, historien\u00a0: &#8220;La trag\u00e9die de la Thalidomide&#8221;<\/p>\n<p>15h30- 16h30\u00a0: Assembl\u00e9e g\u00e9n\u00e9rale de la Soci\u00e9t\u00e9 d\u2019Histoire de la Naissance<\/p>\n<\/div>\n<\/div>\n","protected":false},"excerpt":{"rendered":"<p>La prochaine Journ\u00e9e d\u2019\u00e9tudes de la SHN se d\u00e9roulera le samedi 15 mars \u00e0 l\u2019\u00c9cole de sages-femmes de Saint-Vincent-de-Paul. Au programme&#8230; PROGRAMME DU SAMEDI 15 MARS 2014 9h30 \u2013 11h\u00a0: Paul DE REU, RM PhD\u00a0: &#8220;Audit p\u00e9rinatal, la vo\u00fbte pour la qualit\u00e9 des soins en p\u00e9rinatalogie\u00a0\u00bb 11h &#8211; 12h30\u00a0: Danielle RAPOPORT, psychologue clinicienne\u00a0: &#8220;Les grandes&hellip;<\/p>\n<p class=\"more-link-wrapper\"><a class=\"more-link\" href=\"https:\/\/societe-histoire-naissance.fr\/?page_id=137\">Continue<\/a><\/p>\n","protected":false},"author":1,"featured_media":0,"parent":57,"menu_order":0,"comment_status":"closed","ping_status":"closed","template":"","meta":{"footnotes":""},"_links":{"self":[{"href":"https:\/\/societe-histoire-naissance.fr\/index.php?rest_route=\/wp\/v2\/pages\/137"}],"collection":[{"href":"https:\/\/societe-histoire-naissance.fr\/index.php?rest_route=\/wp\/v2\/pages"}],"about":[{"href":"https:\/\/societe-histoire-naissance.fr\/index.php?rest_route=\/wp\/v2\/types\/page"}],"author":[{"embeddable":true,"href":"https:\/\/societe-histoire-naissance.fr\/index.php?rest_route=\/wp\/v2\/users\/1"}],"replies":[{"embeddable":true,"href":"https:\/\/societe-histoire-naissance.fr\/index.php?rest_route=%2Fwp%2Fv2%2Fcomments&post=137"}],"version-history":[{"count":1,"href":"https:\/\/societe-histoire-naissance.fr\/index.php?rest_route=\/wp\/v2\/pages\/137\/revisions"}],"predecessor-version":[{"id":138,"href":"https:\/\/societe-histoire-naissance.fr\/index.php?rest_route=\/wp\/v2\/pages\/137\/revisions\/138"}],"up":[{"embeddable":true,"href":"https:\/\/societe-histoire-naissance.fr\/index.php?rest_route=\/wp\/v2\/pages\/57"}],"wp:attachment":[{"href":"https:\/\/societe-histoire-naissance.fr\/index.php?rest_route=%2Fwp%2Fv2%2Fmedia&parent=137"}],"curies":[{"name":"wp","href":"https:\/\/api.w.org\/{rel}","templated":true}]}}