{"id":139,"date":"2018-03-21T09:59:32","date_gmt":"2018-03-21T08:59:32","guid":{"rendered":"http:\/\/societe-histoire-naissance.fr\/?page_id=139"},"modified":"2018-03-21T10:04:10","modified_gmt":"2018-03-21T09:04:10","slug":"journee-detudes-du-samedi-13-septembre-2014","status":"publish","type":"page","link":"https:\/\/societe-histoire-naissance.fr\/?page_id=139","title":{"rendered":"Journ\u00e9e d\u2019\u00e9tudes du samedi 13 septembre 2014"},"content":{"rendered":"<div class=\"surlignable\">\n<div class=\"chapo\">\n<p><em>La prochaine Journ\u00e9e d\u2019\u00e9tudes de la SHN se d\u00e9roulera le samedi 13 septembre \u00e0 l\u2019\u00c9cole de sages-femmes de Saint-Vincent-de-Paul. Au programme&#8230;<\/em><\/p>\n<\/div>\n<div class=\"texte\">\n<p>9 h 30 \u2013 11 h\u00a0: <strong>Julianna Vamos<\/strong>, psychologue-psychanalyste \u00e0 la maternit\u00e9 des Bluets\u00a0: R\u00eaveries et pratiques d\u2019une p\u00e9rinataliste. Treize ans aux Bluets, vus de l\u2019int\u00e9rieur.<\/p>\n<p>11 h-12 h 30\u00a0: <strong>Etienne Herbinet<\/strong>, gyn\u00e9cologue-obst\u00e9tricien\u00a0: Interview film\u00e9e, en sa pr\u00e9sence.<\/p>\n<p>12 h 30 \u2013 14 h\u00a0: repas au restaurant de l\u2019h\u00f4pital.<\/p>\n<p>14 h &#8211; 15 h 30\u00a0: <strong>Lise Haddad<\/strong>, philosophe, et <strong>Marc Dreyfus<\/strong>, historien\u00a0: Une m\u00e9decine de la mort. \u00c0 propos de la sortie r\u00e9cente de l\u2019ouvrage collectif qu\u2019ils ont dirig\u00e9 (\u00c9ditions Vend\u00e9miaire, 2014).<\/p>\n<p>15 h 30-17 h\u00a0: <strong>Chiara Quagliariello<\/strong>, anthropologue\u00a0: Mod\u00e8les de naissance en conflit\u00a0: les S\u00e9n\u00e9galaises en exil face \u00e0 l\u2019h\u00f4pital moderne.<\/p>\n<\/div>\n<\/div>\n","protected":false},"excerpt":{"rendered":"<p>La prochaine Journ\u00e9e d\u2019\u00e9tudes de la SHN se d\u00e9roulera le samedi 13 septembre \u00e0 l\u2019\u00c9cole de sages-femmes de Saint-Vincent-de-Paul. Au programme&#8230; 9 h 30 \u2013 11 h\u00a0: Julianna Vamos, psychologue-psychanalyste \u00e0 la maternit\u00e9 des Bluets\u00a0: R\u00eaveries et pratiques d\u2019une p\u00e9rinataliste. Treize ans aux Bluets, vus de l\u2019int\u00e9rieur. 11 h-12 h 30\u00a0: Etienne Herbinet, gyn\u00e9cologue-obst\u00e9tricien\u00a0: Interview&hellip;<\/p>\n<p class=\"more-link-wrapper\"><a class=\"more-link\" href=\"https:\/\/societe-histoire-naissance.fr\/?page_id=139\">Continue<\/a><\/p>\n","protected":false},"author":1,"featured_media":0,"parent":57,"menu_order":0,"comment_status":"closed","ping_status":"closed","template":"","meta":{"footnotes":""},"_links":{"self":[{"href":"https:\/\/societe-histoire-naissance.fr\/index.php?rest_route=\/wp\/v2\/pages\/139"}],"collection":[{"href":"https:\/\/societe-histoire-naissance.fr\/index.php?rest_route=\/wp\/v2\/pages"}],"about":[{"href":"https:\/\/societe-histoire-naissance.fr\/index.php?rest_route=\/wp\/v2\/types\/page"}],"author":[{"embeddable":true,"href":"https:\/\/societe-histoire-naissance.fr\/index.php?rest_route=\/wp\/v2\/users\/1"}],"replies":[{"embeddable":true,"href":"https:\/\/societe-histoire-naissance.fr\/index.php?rest_route=%2Fwp%2Fv2%2Fcomments&post=139"}],"version-history":[{"count":1,"href":"https:\/\/societe-histoire-naissance.fr\/index.php?rest_route=\/wp\/v2\/pages\/139\/revisions"}],"predecessor-version":[{"id":140,"href":"https:\/\/societe-histoire-naissance.fr\/index.php?rest_route=\/wp\/v2\/pages\/139\/revisions\/140"}],"up":[{"embeddable":true,"href":"https:\/\/societe-histoire-naissance.fr\/index.php?rest_route=\/wp\/v2\/pages\/57"}],"wp:attachment":[{"href":"https:\/\/societe-histoire-naissance.fr\/index.php?rest_route=%2Fwp%2Fv2%2Fmedia&parent=139"}],"curies":[{"name":"wp","href":"https:\/\/api.w.org\/{rel}","templated":true}]}}