{"id":151,"date":"2018-03-21T10:08:04","date_gmt":"2018-03-21T09:08:04","guid":{"rendered":"http:\/\/societe-histoire-naissance.fr\/?page_id=151"},"modified":"2026-02-15T17:26:48","modified_gmt":"2026-02-15T16:26:48","slug":"les-colloques","status":"publish","type":"page","link":"https:\/\/societe-histoire-naissance.fr\/?page_id=151","title":{"rendered":"Les colloques"},"content":{"rendered":"\n<p><strong>9e colloque de la Soci\u00e9t\u00e9 d&#8217;Histoire de la naissance 2026 :<\/strong><br>Les compagnons du f\u0153tus (placenta, liquide amniotique, membranes, cordon ombilical), d\u2019hier \u00e0 aujourd\u2019hui<\/p>\n\n\n<p><strong><a href=\"https:\/\/societe-histoire-naissance.fr\/?p=428\">8e colloque de la Soci\u00e9t\u00e9 d&#8217;Histoire de la Naissance 2022 :<\/a><\/strong><br \/>\nQuand l\u2019enfant ne vient pas\u2026 L\u2019infertilit\u00e9 des couples d\u2019hier \u00e0 aujourd\u2019hui<\/p>\n<p><a href=\"http:\/\/societe-histoire-naissance.fr\/?page_id=289\"><span style=\"color: #800000;\"><strong>7e colloque de la Soci\u00e9t\u00e9 d&#8217;Histoire de la Naissance 2019 :<\/strong><\/span><\/a><br \/>\n<span style=\"color: #800000;\">La main ou l\u2019outil ? Sens et techniques autour de la naissance, d\u2019hier \u00e0 aujourd\u2019hui<\/span><\/p>\n<p><strong><a href=\"http:\/\/societe-histoire-naissance.fr\/?page_id=154\">6e colloque de la Soci\u00e9t\u00e9 d\u2019Histoire de la Naissance<\/a><\/strong><a href=\"http:\/\/societe-histoire-naissance.fr\/?page_id=154\"><strong>\u00a0 2016<\/strong><\/a><a href=\"http:\/\/societe-histoire-naissance.fr\/?page_id=154\"><strong>\u00a0:<\/strong><br \/>\nLa naissance au risque de la mort d&#8217;hier \u00e0 aujourd&#8217;hui <\/a><\/p>\n<p><strong><a href=\"http:\/\/societe-histoire-naissance.fr\/?page_id=180\">5e colloque de la Soci\u00e9t\u00e9 d&#8217;Histoire de la Naissance 2013 :<br \/>\n<\/a><\/strong><a href=\"http:\/\/societe-histoire-naissance.fr\/?page_id=180\">Na\u00eetre \u00e0 la maison, d\u2019hier \u00e0 aujourd\u2019hui<\/a><\/p>\n<p><a href=\"http:\/\/societe-histoire-naissance.fr\/?page_id=167\"><strong>Colloque de la Soci\u00e9t\u00e9 d&#8217;Histoire de la Naissance 2012<\/strong> :<br \/>\nLa naissance : une histoire d&#8217;hier \u00e0 aujourd&#8217;hui<\/a><\/p>\n<p><a href=\"http:\/\/societe-histoire-naissance.fr\/?page_id=156\"><strong>4e colloque de la Soci\u00e9t\u00e9 d&#8217;histoire de la Naissance 2010 :<\/strong><br \/>\nAccueillir le nouveau-n\u00e9, d&#8217;hier \u00e0 aujourd&#8217;hui <\/a><\/p>\n<p><strong><a href=\"http:\/\/societe-histoire-naissance.fr\/?page_id=166\">3e colloque de la Soci\u00e9t\u00e9 d&#8217;Histoire de la Naissance 2007: <\/a><\/strong><a href=\"http:\/\/societe-histoire-naissance.fr\/?page_id=166\"><br \/>\nF\u00e9minisme et Naissance<\/a><strong><br \/>\n<\/strong><\/p>\n<p><a href=\"http:\/\/societe-histoire-naissance.fr\/?page_id=177\"><strong>2e colloque de la Soci\u00e9t\u00e9 d&#8217;Histoire de la Naissance 2004 :<\/strong><br \/>\nLes sages femmes d&#8217;hier \u00e0 aujourd&#8217;hui<\/a><\/p>\n<p><a href=\"http:\/\/societe-histoire-naissance.fr\/?page_id=164\"><strong>1e colloque de la Soci\u00e9t\u00e9 d\u2019Histoire de la Naissance\u00a02002<\/strong> :<br \/>\nQue s&#8217;est-il pass\u00e9 en 1952 \u00e0 la Maternit\u00e9 des Bleuets ?<\/a><\/p>","protected":false},"excerpt":{"rendered":"<p>9e colloque de la Soci\u00e9t\u00e9 d&#8217;Histoire de la naissance 2026 :Les compagnons du f\u0153tus (placenta, liquide amniotique, membranes, cordon ombilical), d\u2019hier \u00e0 aujourd\u2019hui 8e colloque de la Soci\u00e9t\u00e9 d&#8217;Histoire de la Naissance 2022 : Quand l\u2019enfant ne vient pas\u2026 L\u2019infertilit\u00e9 des couples d\u2019hier \u00e0 aujourd\u2019hui 7e colloque de la Soci\u00e9t\u00e9 d&#8217;Histoire de la Naissance 2019&hellip;<\/p>\n<p class=\"more-link-wrapper\"><a class=\"more-link\" href=\"https:\/\/societe-histoire-naissance.fr\/?page_id=151\">Continue<\/a><\/p>\n","protected":false},"author":1,"featured_media":0,"parent":12,"menu_order":0,"comment_status":"closed","ping_status":"closed","template":"","meta":{"footnotes":""},"_links":{"self":[{"href":"https:\/\/societe-histoire-naissance.fr\/index.php?rest_route=\/wp\/v2\/pages\/151"}],"collection":[{"href":"https:\/\/societe-histoire-naissance.fr\/index.php?rest_route=\/wp\/v2\/pages"}],"about":[{"href":"https:\/\/societe-histoire-naissance.fr\/index.php?rest_route=\/wp\/v2\/types\/page"}],"author":[{"embeddable":true,"href":"https:\/\/societe-histoire-naissance.fr\/index.php?rest_route=\/wp\/v2\/users\/1"}],"replies":[{"embeddable":true,"href":"https:\/\/societe-histoire-naissance.fr\/index.php?rest_route=%2Fwp%2Fv2%2Fcomments&post=151"}],"version-history":[{"count":12,"href":"https:\/\/societe-histoire-naissance.fr\/index.php?rest_route=\/wp\/v2\/pages\/151\/revisions"}],"predecessor-version":[{"id":558,"href":"https:\/\/societe-histoire-naissance.fr\/index.php?rest_route=\/wp\/v2\/pages\/151\/revisions\/558"}],"up":[{"embeddable":true,"href":"https:\/\/societe-histoire-naissance.fr\/index.php?rest_route=\/wp\/v2\/pages\/12"}],"wp:attachment":[{"href":"https:\/\/societe-histoire-naissance.fr\/index.php?rest_route=%2Fwp%2Fv2%2Fmedia&parent=151"}],"curies":[{"name":"wp","href":"https:\/\/api.w.org\/{rel}","templated":true}]}}