{"id":166,"date":"2018-03-30T19:25:52","date_gmt":"2018-03-30T17:25:52","guid":{"rendered":"http:\/\/societe-histoire-naissance.fr\/?page_id=166"},"modified":"2018-03-30T19:27:45","modified_gmt":"2018-03-30T17:27:45","slug":"3e-colloque-de-la-societe-dhistoire-de-la-naissance-feminisme-et-naissance","status":"publish","type":"page","link":"https:\/\/societe-histoire-naissance.fr\/?page_id=166","title":{"rendered":"3e colloque de la Soci\u00e9t\u00e9 d&#8217;Histoire de la Naissance : F\u00e9minisme et Naissance"},"content":{"rendered":"<p><strong>22 &#8211; 23 septembre 2007 &#8211; Chateauroux<\/strong><\/p>\n<p>Pr\u00e9sentation du colloque par Marie-France Morel, pr\u00e9sidente de la Soci\u00e9t\u00e9 d\u2019Histoire de la Naissance. Lecture du texte du jeune chirurgien Jean-Fran\u00e7ois Sacombe, qui assiste seul \u00e0 l\u2019accouchement d\u2019une primipare pr\u00e8s de Montpellier en 1781 (extrait de Mireille Laget, Naissances. L\u2019accouchement avant l\u2019\u00e2ge de la clinique, Paris, Seuil, 1982, p. 332-337).<\/p>\n<h1 style=\"text-align: center;\">Pr\u00e9sentation du Colloque<\/h1>\n<h3><\/h3>\n<h3 class=\"h3 spip\">F\u00e9minisme et D\u00e9sir d&#8217;Enfant<\/h3>\n<p>La place de la naissance dans les revendications f\u00e9ministes depuis le XVIIIe si\u00e8cle.<\/p>\n<p><strong>Emmanuelle Berthiaud, historienne<\/strong><br \/>\nLe v\u00e9cu de la grossesse chez les femmes des 18e et 19e si\u00e8cles<br \/>\nDiscussion Emmanuelle Berthiaud<\/p>\n<p><strong>Jocelyne George, historienne<br \/>\n<\/strong>Un f\u00e9minisme syndical de classe\u00a0: la CGT de 1945 \u00e0 1980<br \/>\nDiscussion Jocelyne George<\/p>\n<p>Lecture d\u2019un extrait du dernier chapitre de Pot-Bouille d\u2019Emile Zola (1883)<\/p>\n<p><strong>Fran\u00e7oise Th\u00e9baud, historienne (pr\u00e9sent\u00e9e par Anne Hugon)<br \/>\n<\/strong>Les mouvements f\u00e9ministes face \u00e0 la naissance<br \/>\nDiscussion Fran\u00e7oise Th\u00e9baud<\/p>\n<p><strong>Claude Didierjean Jouveau, ancienne pr\u00e9sidente Leche League France<br \/>\n<\/strong>F\u00e9minisme et allaitement<br \/>\nDiscussion Claude Didierjean<\/p>\n<p><strong>Max Ploquin<br \/>\n<\/strong>Pr\u00e9sentation des 2 films<\/p>\n<p><em>Accueil de Mme\u00a0Durieu, de la Mairie de Ch\u00e2teauroux<\/em><\/p>\n<h3 class=\"h3 spip\">F\u00e9minisme et refus de la procr\u00e9ation<\/h3>\n<p><strong>Daniel Lypszic<\/strong><br \/>\nHommage \u00e0 Pierre Vellay (1919-2007), fondateur de la Soci\u00e9t\u00e9 Fran\u00e7aise de Psycho Prophylaxie Obst\u00e9tricale<\/p>\n<p><strong>Jo\u00eblle Brunerie, gyn\u00e9cologue (pr\u00e9sent\u00e9e par Chantal Birman)<\/strong><br \/>\nLes luttes pour la libert\u00e9 de la contraception et de l\u2019avortement dans les ann\u00e9es 60-70<br \/>\nDiscussion Jo\u00eblle Brunerie<\/p>\n<p>Accueil de M.\u00a0Michel Sapin<\/p>\n<p><strong>Lecture d\u2019un texte anonyme intitul\u00e9 \u00ab\u00a0Un accouchement, Un avortement (extrait de Les femmes s\u2019ent\u00eatent, ouvrage collectif pr\u00e9sent\u00e9 par Simone de Beauvoir, coll. Id\u00e9es, Gallimard, 1975, p. 149-166)<\/strong><\/p>\n<dl class=\"spip_documents\">\n<dt id=\"player36\" class=\"player\">Lecture par Marie-France Morel de la communication d\u2019Yvonne Knibiehler, historienne La pr\u00e9vention des avortements au XXe si\u00e8cle<\/dt>\n<\/dl>\n<p><strong>Lecture d\u2019un r\u00e9cit d\u2019accouchement catastrophe (extrait de Le Labyrinthe du monde, tome 1\u00a0: Souvenirs pieux, de Marguerite Yourcenar, Gallimard, Folio, 1980, p. 32-33)<\/strong><\/p>\n<p><strong>Lecture d\u2019un texte de Nancy Huston (extrait de Naissances)<\/strong><\/p>\n<p><strong>S\u00e9verine Auffret, philosophe (pr\u00e9sent\u00e9e par Christine Isola)<\/strong><br \/>\nMaternit\u00e9-esclavage ou maternit\u00e9-\u00e9panouissement\u00a0? D\u2019un f\u00e9minisme \u00e0 l\u2019autre\u00a0: t\u00e9moignages de femmes \u00e9crivains.<br \/>\nDiscussion S\u00e9verine Auffret<\/p>\n<p><strong>Lecture d\u2019un texte de Fran\u00e7oise Lef\u00e8vre (extrait de Mortel azur, Mazarine, 1985)<\/strong><\/p>\n<p>&nbsp;<\/p>\n","protected":false},"excerpt":{"rendered":"<p>22 &#8211; 23 septembre 2007 &#8211; Chateauroux Pr\u00e9sentation du colloque par Marie-France Morel, pr\u00e9sidente de la Soci\u00e9t\u00e9 d\u2019Histoire de la Naissance. Lecture du texte du jeune chirurgien Jean-Fran\u00e7ois Sacombe, qui assiste seul \u00e0 l\u2019accouchement d\u2019une primipare pr\u00e8s de Montpellier en 1781 (extrait de Mireille Laget, Naissances. L\u2019accouchement avant l\u2019\u00e2ge de la clinique, Paris, Seuil, 1982,&hellip;<\/p>\n<p class=\"more-link-wrapper\"><a class=\"more-link\" href=\"https:\/\/societe-histoire-naissance.fr\/?page_id=166\">Continue<\/a><\/p>\n","protected":false},"author":1,"featured_media":0,"parent":151,"menu_order":0,"comment_status":"closed","ping_status":"closed","template":"","meta":{"footnotes":""},"_links":{"self":[{"href":"https:\/\/societe-histoire-naissance.fr\/index.php?rest_route=\/wp\/v2\/pages\/166"}],"collection":[{"href":"https:\/\/societe-histoire-naissance.fr\/index.php?rest_route=\/wp\/v2\/pages"}],"about":[{"href":"https:\/\/societe-histoire-naissance.fr\/index.php?rest_route=\/wp\/v2\/types\/page"}],"author":[{"embeddable":true,"href":"https:\/\/societe-histoire-naissance.fr\/index.php?rest_route=\/wp\/v2\/users\/1"}],"replies":[{"embeddable":true,"href":"https:\/\/societe-histoire-naissance.fr\/index.php?rest_route=%2Fwp%2Fv2%2Fcomments&post=166"}],"version-history":[{"count":2,"href":"https:\/\/societe-histoire-naissance.fr\/index.php?rest_route=\/wp\/v2\/pages\/166\/revisions"}],"predecessor-version":[{"id":169,"href":"https:\/\/societe-histoire-naissance.fr\/index.php?rest_route=\/wp\/v2\/pages\/166\/revisions\/169"}],"up":[{"embeddable":true,"href":"https:\/\/societe-histoire-naissance.fr\/index.php?rest_route=\/wp\/v2\/pages\/151"}],"wp:attachment":[{"href":"https:\/\/societe-histoire-naissance.fr\/index.php?rest_route=%2Fwp%2Fv2%2Fmedia&parent=166"}],"curies":[{"name":"wp","href":"https:\/\/api.w.org\/{rel}","templated":true}]}}