{"id":167,"date":"2018-03-30T19:35:35","date_gmt":"2018-03-30T17:35:35","guid":{"rendered":"http:\/\/societe-histoire-naissance.fr\/?page_id=167"},"modified":"2018-03-30T19:48:59","modified_gmt":"2018-03-30T17:48:59","slug":"2012-2","status":"publish","type":"page","link":"https:\/\/societe-histoire-naissance.fr\/?page_id=167","title":{"rendered":"2012 &#8211; La naissance : Une histoire au pr\u00e9sent"},"content":{"rendered":"<div id=\"content\">\n<div id=\"col1\">\n<div class=\"cartouche\">\n<h1 class=\"h1 \">La naissance\u00a0: Une histoire au pr\u00e9sent<\/h1>\n<\/div>\n<ul class=\"archives_events\">\n<li>19 janvier 2012 &#8211; Marseille<\/li>\n<\/ul>\n<div class=\"surlignable\">\n<div class=\"chapo\">\n<p>en partenariat avec le D\u00e9partement Universitaire de Ma\u00efeutique de Marseille et la Facult\u00e9 de M\u00e9decine de Marseille<\/p>\n<\/div>\n<p>8h30-9h<strong> Accueil Mot de bienvenue par Anne Demeester, Directrice Ecole de Ma\u00efeutique <\/strong> &#8211; Allocution du Doyen de M\u00e9decine Georges L\u00e9onetti &#8211; Introduction \u00e0 la journ\u00e9e par Marie-France Morel, Pr\u00e9sidente de la Soci\u00e9t\u00e9 d\u2019Histoire de la Naissance.<\/p>\n<div class=\"texte\">\n<p><strong>Pr\u00e9sidente de s\u00e9ance, Yvonne Knibiehler <\/strong> &#8211; Mod\u00e9rateur, Yves Baille Croyances, repr\u00e9sentations et m\u00e9decine de la reproduction \u2013 Ren\u00e9 Frydman Quelques biographies des obst\u00e9triciens marseillais \u2013 Marc Gamerre Petite histoire des maternit\u00e9s marseillaises jusqu\u2019\u00e0 la fin du XIX\u00e8me si\u00e8cle \u2013 Denis Tramier Evolution du devenir materno-f\u0153tal en maternit\u00e9 depuis le XIX\u00e8me si\u00e8cle &#8211; Emilie Ricard, Xavier Carcopino, L\u00e9on Boubli, Michel Panuel, Pascal Adalian Histoire des maternit\u00e9s de la r\u00e9gion marseillaise &#8211; Pr\u00e9sentation de posters r\u00e9alis\u00e9s par les \u00e9tudiants en ma\u00efeutique et visite de l\u2019exposition, Estelle Boissier, Dominique Chavent, Yves Baille.<\/p>\n<p>12h-14h Pause d\u00e9jeuner<\/p>\n<p><strong>Pr\u00e9sidente de s\u00e9ance, Annie-Claire Cottu<\/strong> \u2013 Mod\u00e9rateur, Paul Cesbron<\/p>\n<p>Venir au monde\u00a0: approche philosophique &#8211; Pierre Le Coz Le v\u00e9cu de la grossesse au XVIII\u00e8me et XIX\u00e8me si\u00e8cle &#8211; Emmanuelle Berthiaud Comment la naissance vient aux femmes &#8211; Madeleine Akrich Evolution du cadre juridique de la profession de sage-femme au XX\u00e8me si\u00e8cle &#8211; Xavier-C\u00f4me Donato, Anne Demeester, Henri Ruf Histoire de l\u2019allaitement au travers de l\u2019art &#8211; Pierre Tourame et Marie-France Morel 17h30 Cl\u00f4ture &#8211; Paul Cesbron, secr\u00e9taire de la Soci\u00e9t\u00e9 d\u2019Histoire de la Naissance Jeudi 19 janvier 2012 TARIF\u00a0: 25 euros<\/p>\n<\/div>\n<\/div>\n<\/div>\n<\/div>\n","protected":false},"excerpt":{"rendered":"<p>La naissance\u00a0: Une histoire au pr\u00e9sent 19 janvier 2012 &#8211; Marseille en partenariat avec le D\u00e9partement Universitaire de Ma\u00efeutique de Marseille et la Facult\u00e9 de M\u00e9decine de Marseille 8h30-9h Accueil Mot de bienvenue par Anne Demeester, Directrice Ecole de Ma\u00efeutique &#8211; Allocution du Doyen de M\u00e9decine Georges L\u00e9onetti &#8211; Introduction \u00e0 la journ\u00e9e par Marie-France&hellip;<\/p>\n<p class=\"more-link-wrapper\"><a class=\"more-link\" href=\"https:\/\/societe-histoire-naissance.fr\/?page_id=167\">Continue<\/a><\/p>\n","protected":false},"author":1,"featured_media":0,"parent":151,"menu_order":0,"comment_status":"closed","ping_status":"closed","template":"","meta":{"footnotes":""},"_links":{"self":[{"href":"https:\/\/societe-histoire-naissance.fr\/index.php?rest_route=\/wp\/v2\/pages\/167"}],"collection":[{"href":"https:\/\/societe-histoire-naissance.fr\/index.php?rest_route=\/wp\/v2\/pages"}],"about":[{"href":"https:\/\/societe-histoire-naissance.fr\/index.php?rest_route=\/wp\/v2\/types\/page"}],"author":[{"embeddable":true,"href":"https:\/\/societe-histoire-naissance.fr\/index.php?rest_route=\/wp\/v2\/users\/1"}],"replies":[{"embeddable":true,"href":"https:\/\/societe-histoire-naissance.fr\/index.php?rest_route=%2Fwp%2Fv2%2Fcomments&post=167"}],"version-history":[{"count":2,"href":"https:\/\/societe-histoire-naissance.fr\/index.php?rest_route=\/wp\/v2\/pages\/167\/revisions"}],"predecessor-version":[{"id":186,"href":"https:\/\/societe-histoire-naissance.fr\/index.php?rest_route=\/wp\/v2\/pages\/167\/revisions\/186"}],"up":[{"embeddable":true,"href":"https:\/\/societe-histoire-naissance.fr\/index.php?rest_route=\/wp\/v2\/pages\/151"}],"wp:attachment":[{"href":"https:\/\/societe-histoire-naissance.fr\/index.php?rest_route=%2Fwp%2Fv2%2Fmedia&parent=167"}],"curies":[{"name":"wp","href":"https:\/\/api.w.org\/{rel}","templated":true}]}}