{"id":180,"date":"2018-03-30T19:45:56","date_gmt":"2018-03-30T17:45:56","guid":{"rendered":"http:\/\/societe-histoire-naissance.fr\/?page_id=180"},"modified":"2018-03-30T19:48:07","modified_gmt":"2018-03-30T17:48:07","slug":"5e-colloque-de-la-societe-dhistoire-de-la-naissance-naitre-a-la-maison-dhier-a-aujourdhui","status":"publish","type":"page","link":"https:\/\/societe-histoire-naissance.fr\/?page_id=180","title":{"rendered":"5e colloque de la Soci\u00e9t\u00e9 d&#8217;Histoire de la naissance : na\u00eetre \u00e0 la maison, d\u2019hier \u00e0 aujourd\u2019hui"},"content":{"rendered":"<div class=\"texte\">\n<p>Colloque sur un sujet qui reste toujours d\u2019actualit\u00e9&#8230; m\u00eame en France. Derni\u00e8re ligne droite, c\u2019est dans quelques jours. Il est toujours temps de s\u2019 inscrire pour venir partager ce colloque m\u00e9morable&#8230; N\u2019 h\u00e9sitez pas \u00e0 transmettre l\u2019 informations \u00e0 vos contacts. \u00c0 samedi prochain.<\/p>\n<p><a href=\"http:\/\/societe-histoire-naissance.fr\/wp-content\/uploads\/2018\/03\/Programme_Colloque_2013.pdf\"><strong>Programme<\/strong><\/a><\/p>\n<p><strong><a href=\"http:\/\/societe-histoire-naissance.fr\/wp-content\/uploads\/2018\/03\/Fiche_inscription_Colloque.pdf\">Inscription<\/a><\/strong><\/p>\n<\/div>\n","protected":false},"excerpt":{"rendered":"<p>Colloque sur un sujet qui reste toujours d\u2019actualit\u00e9&#8230; m\u00eame en France. Derni\u00e8re ligne droite, c\u2019est dans quelques jours. Il est toujours temps de s\u2019 inscrire pour venir partager ce colloque m\u00e9morable&#8230; N\u2019 h\u00e9sitez pas \u00e0 transmettre l\u2019 informations \u00e0 vos contacts. \u00c0 samedi prochain. Programme Inscription<\/p>\n","protected":false},"author":1,"featured_media":0,"parent":151,"menu_order":0,"comment_status":"closed","ping_status":"closed","template":"","meta":{"footnotes":""},"_links":{"self":[{"href":"https:\/\/societe-histoire-naissance.fr\/index.php?rest_route=\/wp\/v2\/pages\/180"}],"collection":[{"href":"https:\/\/societe-histoire-naissance.fr\/index.php?rest_route=\/wp\/v2\/pages"}],"about":[{"href":"https:\/\/societe-histoire-naissance.fr\/index.php?rest_route=\/wp\/v2\/types\/page"}],"author":[{"embeddable":true,"href":"https:\/\/societe-histoire-naissance.fr\/index.php?rest_route=\/wp\/v2\/users\/1"}],"replies":[{"embeddable":true,"href":"https:\/\/societe-histoire-naissance.fr\/index.php?rest_route=%2Fwp%2Fv2%2Fcomments&post=180"}],"version-history":[{"count":3,"href":"https:\/\/societe-histoire-naissance.fr\/index.php?rest_route=\/wp\/v2\/pages\/180\/revisions"}],"predecessor-version":[{"id":185,"href":"https:\/\/societe-histoire-naissance.fr\/index.php?rest_route=\/wp\/v2\/pages\/180\/revisions\/185"}],"up":[{"embeddable":true,"href":"https:\/\/societe-histoire-naissance.fr\/index.php?rest_route=\/wp\/v2\/pages\/151"}],"wp:attachment":[{"href":"https:\/\/societe-histoire-naissance.fr\/index.php?rest_route=%2Fwp%2Fv2%2Fmedia&parent=180"}],"curies":[{"name":"wp","href":"https:\/\/api.w.org\/{rel}","templated":true}]}}