{"id":193,"date":"2018-05-15T14:10:10","date_gmt":"2018-05-15T12:10:10","guid":{"rendered":"http:\/\/societe-histoire-naissance.fr\/?page_id=193"},"modified":"2018-06-07T11:24:17","modified_gmt":"2018-06-07T09:24:17","slug":"journee-detudes-du-9-juin-2018","status":"publish","type":"page","link":"https:\/\/societe-histoire-naissance.fr\/?page_id=193","title":{"rendered":"Journ\u00e9e d\u2019\u00e9tudes du 9 juin 2018"},"content":{"rendered":"<p><strong>Date \/ Heure<\/strong><br \/>\nDate(s) &#8211; 09\/06\/2018<br \/>\n<i>09:00 &#8211; 17:00<\/i><\/p>\n<p><strong>Emplacement<\/strong><\/p>\n<p><strong>!!! CHANGEMENT DE LIEU !!!<\/strong><\/p>\n<p>Notre journ\u00e9e d&#8217;\u00e9tudes aura lieu \u00e0 la maternit\u00e9 des Bluets : salle polyvalente Maternit\u00e9 des Bluets 4 rue Lasson 75012 Paris<\/p>\n<p>Pour s&#8217;y rendre, il y a entre autres les transports suivants: Metro Bel air (6), ou Porte de Vincennes (1) tram T3a Alexandra David-Neel Bus 29 Docteur Nette<\/p>\n<p><strong>Programme :<\/strong><\/p>\n<p>9h30 \u2013 11h : Fabrice Cahen, historien (INED):<br \/>\nComment l\u2019infertilit\u00e9 conjugale en France \u00e9tait-elle prise en charge avant l\u2019explosion des nouvelles technologies reproductives ?<\/p>\n<p>11h \u2013 12h30 : Francine Caumel-Dauphin et Denis Labayle<br \/>\nA propos de leur livre \u00ab Mieux accoucher, c\u2019est possible ! \u00bb, Synchronique \u00c9ditions, 2018.<\/p>\n<p>12h30 \u2013 14h : repas au restaurant de l\u2019h\u00f4pital (10\u20ac)<\/p>\n<p>14h \u2013 15h30 : Ma\u00ef Le D\u00fb, sage-femme, sociologue (CSU\/CRESPPA) : Toucher pour soigner. Le toucheur traditionnel, le m\u00e9decin et l\u2019ost\u00e9opathe : un nourrisson entre de bonnes mains.<\/p>\n<p>15h30 \u2013 17h : Coline Cardi, sociologue (Paris 8-CSU\/CRESPPA) :<br \/>\nUn regard sociologique sur les quartiers m\u00e8res-enfants en prison de femmes.<\/p>\n<p>&nbsp;<\/p>\n<p>Lieu: Maternit\u00e9 de Port-Royal<br \/>\n123 bd de Port-Royal 75014 Paris<br \/>\n(b\u00e2timent PR1, rez-de-jardin, salle 3)<br \/>\nPour acc\u00e9der \u00e0 la salle de notre r\u00e9union, il vous faudra descendre par l\u2019ascenseur B jusqu\u2019au rez-de-jardin, puis emprunter le couloir \u00e0 gauche. La salle 3 se trouve sur la droite.<\/p>\n","protected":false},"excerpt":{"rendered":"<p>Date \/ Heure Date(s) &#8211; 09\/06\/2018 09:00 &#8211; 17:00 Emplacement !!! CHANGEMENT DE LIEU !!! Notre journ\u00e9e d&#8217;\u00e9tudes aura lieu \u00e0 la maternit\u00e9 des Bluets : salle polyvalente Maternit\u00e9 des Bluets 4 rue Lasson 75012 Paris Pour s&#8217;y rendre, il y a entre autres les transports suivants: Metro Bel air (6), ou Porte de Vincennes&hellip;<\/p>\n<p class=\"more-link-wrapper\"><a class=\"more-link\" href=\"https:\/\/societe-histoire-naissance.fr\/?page_id=193\">Continue<\/a><\/p>\n","protected":false},"author":1,"featured_media":0,"parent":57,"menu_order":0,"comment_status":"closed","ping_status":"closed","template":"","meta":{"footnotes":""},"_links":{"self":[{"href":"https:\/\/societe-histoire-naissance.fr\/index.php?rest_route=\/wp\/v2\/pages\/193"}],"collection":[{"href":"https:\/\/societe-histoire-naissance.fr\/index.php?rest_route=\/wp\/v2\/pages"}],"about":[{"href":"https:\/\/societe-histoire-naissance.fr\/index.php?rest_route=\/wp\/v2\/types\/page"}],"author":[{"embeddable":true,"href":"https:\/\/societe-histoire-naissance.fr\/index.php?rest_route=\/wp\/v2\/users\/1"}],"replies":[{"embeddable":true,"href":"https:\/\/societe-histoire-naissance.fr\/index.php?rest_route=%2Fwp%2Fv2%2Fcomments&post=193"}],"version-history":[{"count":2,"href":"https:\/\/societe-histoire-naissance.fr\/index.php?rest_route=\/wp\/v2\/pages\/193\/revisions"}],"predecessor-version":[{"id":211,"href":"https:\/\/societe-histoire-naissance.fr\/index.php?rest_route=\/wp\/v2\/pages\/193\/revisions\/211"}],"up":[{"embeddable":true,"href":"https:\/\/societe-histoire-naissance.fr\/index.php?rest_route=\/wp\/v2\/pages\/57"}],"wp:attachment":[{"href":"https:\/\/societe-histoire-naissance.fr\/index.php?rest_route=%2Fwp%2Fv2%2Fmedia&parent=193"}],"curies":[{"name":"wp","href":"https:\/\/api.w.org\/{rel}","templated":true}]}}