{"id":225,"date":"2018-10-08T17:49:49","date_gmt":"2018-10-08T15:49:49","guid":{"rendered":"http:\/\/societe-histoire-naissance.fr\/?page_id=225"},"modified":"2018-10-08T17:56:48","modified_gmt":"2018-10-08T15:56:48","slug":"master-class-internationale-en-histoire-de-la-medecine","status":"publish","type":"page","link":"https:\/\/societe-histoire-naissance.fr\/?page_id=225","title":{"rendered":"Master Class internationale en Histoire de la M\u00e9decine"},"content":{"rendered":"<p style=\"text-align: center;\"><strong>Facult\u00e9 de M\u00e9decine de Paris Descartes<\/strong><br \/>\n<strong>Cycle de Cours-Conf\u00e9rences<\/strong><br \/>\n<strong>Septembre 2018 &#8211; D\u00e9cembre 2018<\/strong><\/p>\n<p><strong>Entr\u00e9e libre, mais inscription souhait\u00e9e : claude.harel@parisdescartes.fr\u00a0<\/strong><\/p>\n<p><strong>Lieu : Si\u00e8ge de l&#8217;Universit\u00e9 Paris Descartes, 12 rue de l&#8217;Ecole de m\u00e9decine \u00e0 Paris 75006 (M\u00e9tro Od\u00e9on).<\/strong><\/p>\n<p>&nbsp;<\/p>\n<p style=\"text-align: center;\"><img loading=\"lazy\" decoding=\"async\" class=\"alignnone size-full wp-image-223\" src=\"http:\/\/societe-histoire-naissance.fr\/wp-content\/uploads\/2018\/10\/lecon.jpg\" alt=\"\" width=\"260\" height=\"202\" \/><\/p>\n<p style=\"text-align: center;\"><em>La Le\u00e7on d&#8217;anatomie du docteur Tulp,<br \/>\n<\/em><em>toile de 169,5 \u00d7 216,5 cm r\u00e9alis\u00e9e par Rembrandt en 1632.<br \/>\nActuellement visible au Mauritshuis de La Haye.<\/em><\/p>\n<h5>Programme du dernier trimestre 2018<\/h5>\n<p><strong>&#8220;La naissance de l\u2019h\u00f4pital psychiatrique Sainte-Anne&#8221; (21 septembre 2018) de 17 h \u00e0 19 h 45<\/strong><br \/>\n\u2022 Contextualisation : &#8220;Qu\u2019est-ce que la psychiatrie en France au XIXe&#8221; &#8211; Michel Caire<br \/>\n\u2022 Seconde partie : &#8220;Naissance de l\u2019H\u00f4pital Sainte-Anne \u00e0 Paris&#8221; &#8211; Pascal Martin<\/p>\n<p><strong>&#8220;Sherlock Holmes et les sciences m\u00e9dicales de son temps&#8221; (26 octobre 2018) de 17 h \u00e0 19 h 45<\/strong><br \/>\n\u2022 Contextualisation : &#8220;La sciences m\u00e9dico-l\u00e9gale au XIXe si\u00e8cle&#8221; &#8211; Marc Renneville<br \/>\n\u2022 Seconde partie : &#8220;Les aventures de Sherlock Holmes et les sciences de son temps&#8221; &#8211; Dominique Meyer-Bolzinger<\/p>\n<p><span style=\"color: #ff0000;\"><strong>&#8220;Les femmes, la m\u00e9decine et la maternit\u00e9&#8221; (16 novembre 2018) de 17 h \u00e0 19 h 45<\/strong><\/span><br \/>\n<span style=\"color: #ff0000;\">\u2022 Contextualisation : &#8220;D\u00e9cryptage de la relation m\u00e9decin-patiente \u00e0 travers les \u00e9poques&#8221; &#8211; Nathalie Pranch\u00e8re<\/span><br \/>\n<span style=\"color: #ff0000;\">\u2022 Seconde partie : &#8220;Les sages-femmes, et la naissance d\u2019un corps professionnel&#8221; &#8211; Nathalie Pranch\u00e8re<\/span><\/p>\n<p><strong>&#8220;La grande Guerre et les gueules cass\u00e9es&#8221; (7 d\u00e9cembre 2018) de 17 h \u00e0 19 h 45<\/strong><br \/>\nDurant la Premi\u00e8re Guerre mondiale, 40 % des militaires de l\u2019arm\u00e9e fran\u00e7aise ont \u00e9t\u00e9 bless\u00e9s de fa\u00e7on invalidante ; au sein de ces 40 %, pr\u00e8s de 15 % des soldats ont \u00e9t\u00e9 bless\u00e9s au visage.<br \/>\n\u2022 Contextualisation : &#8220;Organisation du Service de sant\u00e9 des arm\u00e9es durant la premi\u00e8re guerre mondiale&#8221; &#8211; Gaston Leroux-Lenci<br \/>\n\u2022 Seconde partie : &#8220;La chirurgie r\u00e9paratrice et la guerre 1914-1918&#8221; &#8211; Laurent Lantieri<\/p>\n","protected":false},"excerpt":{"rendered":"<p>Facult\u00e9 de M\u00e9decine de Paris Descartes Cycle de Cours-Conf\u00e9rences Septembre 2018 &#8211; D\u00e9cembre 2018 Entr\u00e9e libre, mais inscription souhait\u00e9e : claude.harel@parisdescartes.fr\u00a0 Lieu : Si\u00e8ge de l&#8217;Universit\u00e9 Paris Descartes, 12 rue de l&#8217;Ecole de m\u00e9decine \u00e0 Paris 75006 (M\u00e9tro Od\u00e9on). &nbsp; La Le\u00e7on d&#8217;anatomie du docteur Tulp, toile de 169,5 \u00d7 216,5 cm r\u00e9alis\u00e9e par Rembrandt&hellip;<\/p>\n<p class=\"more-link-wrapper\"><a class=\"more-link\" href=\"https:\/\/societe-histoire-naissance.fr\/?page_id=225\">Continue<\/a><\/p>\n","protected":false},"author":1,"featured_media":0,"parent":17,"menu_order":0,"comment_status":"closed","ping_status":"closed","template":"","meta":{"footnotes":""},"_links":{"self":[{"href":"https:\/\/societe-histoire-naissance.fr\/index.php?rest_route=\/wp\/v2\/pages\/225"}],"collection":[{"href":"https:\/\/societe-histoire-naissance.fr\/index.php?rest_route=\/wp\/v2\/pages"}],"about":[{"href":"https:\/\/societe-histoire-naissance.fr\/index.php?rest_route=\/wp\/v2\/types\/page"}],"author":[{"embeddable":true,"href":"https:\/\/societe-histoire-naissance.fr\/index.php?rest_route=\/wp\/v2\/users\/1"}],"replies":[{"embeddable":true,"href":"https:\/\/societe-histoire-naissance.fr\/index.php?rest_route=%2Fwp%2Fv2%2Fcomments&post=225"}],"version-history":[{"count":1,"href":"https:\/\/societe-histoire-naissance.fr\/index.php?rest_route=\/wp\/v2\/pages\/225\/revisions"}],"predecessor-version":[{"id":226,"href":"https:\/\/societe-histoire-naissance.fr\/index.php?rest_route=\/wp\/v2\/pages\/225\/revisions\/226"}],"up":[{"embeddable":true,"href":"https:\/\/societe-histoire-naissance.fr\/index.php?rest_route=\/wp\/v2\/pages\/17"}],"wp:attachment":[{"href":"https:\/\/societe-histoire-naissance.fr\/index.php?rest_route=%2Fwp%2Fv2%2Fmedia&parent=225"}],"curies":[{"name":"wp","href":"https:\/\/api.w.org\/{rel}","templated":true}]}}