{"id":299,"date":"2019-01-15T19:15:58","date_gmt":"2019-01-15T18:15:58","guid":{"rendered":"http:\/\/societe-histoire-naissance.fr\/?page_id=299"},"modified":"2019-01-15T19:15:58","modified_gmt":"2019-01-15T18:15:58","slug":"journee-detudes-du-9-mars-2019","status":"publish","type":"page","link":"https:\/\/societe-histoire-naissance.fr\/?page_id=299","title":{"rendered":"Journ\u00e9e d&#8217;\u00e9tudes du 9 mars 2019"},"content":{"rendered":"\n<p>Lieu :  Groupe Hospitalier Diaconesses Croix Saint-Simon<br>P\u00f4le Maternit\u00e9-Fertilit\u00e9<br>18 rue du Sergent Bauchat<br>75012 Paris <\/p>\n\n\n\n<p> Entr\u00e9e par la grille blanche : la salle France Qu\u00e9r\u00e9 est dans le b\u00e2timent en face (suivre les panneaux)<br>M\u00e9tro : Montgallet ou Nation  <\/p>\n\n\n\n<p>Programme :<\/p>\n\n\n\n<p><strong>9h30 \u2013 11h :<\/strong>\u00a0Anne-Sophie GIRAUD, anthropologue (CNRS &#8211; LISST, Toulouse) : Entre \u00ab d\u00e9chet anatomique \u00bb et \u00ab enfant \u00bb : le statut liminal du f\u0153tus mort en France.<\/p>\n\n\n\n<p><strong>11h \u2013 12h30 :<\/strong>\u00a0Fabien LACOUTURE, historien d\u2019art (universit\u00e9 de Lille) :  Sc\u00e8nes et objets de la naissance dans l\u2019art italien de la Renaissance : m\u00e9decine, normativit\u00e9 et p\u00e9dagogie.<\/p>\n\n\n\n<p><strong>14h \u2013 15h30 :<\/strong>\u00a0Corinne FORTIER, anthropologue (CNRS-LAS, Paris) : Ressemblance et sentiment de parentalit\u00e9 : le cas du don de gam\u00e8tes.<\/p>\n\n\n\n<p><strong>15h30 \u2013 17h :<\/strong>\u00a0Assembl\u00e9e G\u00e9n\u00e9rale de l&#8217;association Soci\u00e9t\u00e9 d&#8217;Histoire de la Naissance : Rapport moral\/Bilan financier\/Rapport d&#8217;activit\u00e9\/Projets pour 2019-20\/Colloque de Bordeaux (8-9 novembre 2019).<\/p>\n","protected":false},"excerpt":{"rendered":"<p>Lieu : Groupe Hospitalier Diaconesses Croix Saint-SimonP\u00f4le Maternit\u00e9-Fertilit\u00e918 rue du Sergent Bauchat75012 Paris Entr\u00e9e par la grille blanche : la salle France Qu\u00e9r\u00e9 est dans le b\u00e2timent en face (suivre les panneaux)M\u00e9tro : Montgallet ou Nation Programme : 9h30 \u2013 11h :\u00a0Anne-Sophie GIRAUD, anthropologue (CNRS &#8211; LISST, Toulouse) : Entre \u00ab d\u00e9chet anatomique \u00bb et&hellip;<\/p>\n<p class=\"more-link-wrapper\"><a class=\"more-link\" href=\"https:\/\/societe-histoire-naissance.fr\/?page_id=299\">Continue<\/a><\/p>\n","protected":false},"author":1,"featured_media":0,"parent":0,"menu_order":0,"comment_status":"closed","ping_status":"closed","template":"","meta":{"footnotes":""},"_links":{"self":[{"href":"https:\/\/societe-histoire-naissance.fr\/index.php?rest_route=\/wp\/v2\/pages\/299"}],"collection":[{"href":"https:\/\/societe-histoire-naissance.fr\/index.php?rest_route=\/wp\/v2\/pages"}],"about":[{"href":"https:\/\/societe-histoire-naissance.fr\/index.php?rest_route=\/wp\/v2\/types\/page"}],"author":[{"embeddable":true,"href":"https:\/\/societe-histoire-naissance.fr\/index.php?rest_route=\/wp\/v2\/users\/1"}],"replies":[{"embeddable":true,"href":"https:\/\/societe-histoire-naissance.fr\/index.php?rest_route=%2Fwp%2Fv2%2Fcomments&post=299"}],"version-history":[{"count":1,"href":"https:\/\/societe-histoire-naissance.fr\/index.php?rest_route=\/wp\/v2\/pages\/299\/revisions"}],"predecessor-version":[{"id":300,"href":"https:\/\/societe-histoire-naissance.fr\/index.php?rest_route=\/wp\/v2\/pages\/299\/revisions\/300"}],"wp:attachment":[{"href":"https:\/\/societe-histoire-naissance.fr\/index.php?rest_route=%2Fwp%2Fv2%2Fmedia&parent=299"}],"curies":[{"name":"wp","href":"https:\/\/api.w.org\/{rel}","templated":true}]}}