{"id":305,"date":"2019-05-15T18:06:00","date_gmt":"2019-05-15T16:06:00","guid":{"rendered":"http:\/\/societe-histoire-naissance.fr\/?page_id=305"},"modified":"2019-05-15T18:06:00","modified_gmt":"2019-05-15T16:06:00","slug":"journee-detudes-du-15-juin-2019","status":"publish","type":"page","link":"https:\/\/societe-histoire-naissance.fr\/?page_id=305","title":{"rendered":"Journ\u00e9e d\u2019\u00e9tudes du 15 juin 2019"},"content":{"rendered":"\n<p>Lieu : Groupe Hospitalier Diaconesses Croix Saint-Simon<br>P\u00f4le Maternit\u00e9-Fertilit\u00e9<br>18 rue du Sergent Bauchat<br>75012 Paris<\/p>\n\n\n\n<p>Entr\u00e9e par la grille blanche : la salle France Qu\u00e9r\u00e9 est dans le b\u00e2timent en face (suivre les panneaux)<br>M\u00e9tro : Montgallet ou Nation<\/p>\n\n\n\n<p>Programme :<\/p>\n\n\n\n<ul><li><strong>9 h 30 &#8211; 11 h :<\/strong>\u00a0Diane de Wailly, psychologue clinicienne, PhD, h\u00f4pital Necker, Paris\u00a0:\u00a0<strong><em>Attendre un enfant apr\u00e8s une interruption m\u00e9dicale de grossesse.<\/em><\/strong><br><\/li><li><strong>11 h &#8211; 12 h 30 :<\/strong>\u00a0Irene Maffi,\u00a0professeure d&#8217;anthropologie culturelle et sociale (Universit\u00e9 de Lausanne)\u00a0:\u00a0<em><strong>La naissance comme \u00ab\u00a0\u00e9v\u00e9nement \u00e9l\u00e9mentaire\u00a0\u00bb. Regards crois\u00e9s sur l\u2019accouchement en Jordanie et en Suisse au d\u00e9but du XXIe si\u00e8cle.\u00a0<\/strong><\/em><\/li><li><strong>14 h &#8211; 15 h 30 :<\/strong>\u00a0Benedicte Champenois Rousseau, sociologue\u00a0:\u00a0\u00a0<strong><em>Devenir m\u00e8re \u00e0 Johannesbourg, quand l&#8217;exp\u00e9rience de la grossesse et de l&#8217;accouchement refl\u00e8te la difficult\u00e9 de construire une soci\u00e9t\u00e9 du soin apr\u00e8s l&#8217;apartheid.<\/em><\/strong><\/li><li><strong>15 h 30 &#8211; 17 h :\u00a0<\/strong>Lola\u00a0Mirouse,\u00a0doctorante en sociologie (CEMS-IMM\/EHESS)\u00a0:\u00a0\u00a0<strong><em>La r\u00e9gulation de l\u2019\u00e9pisiotomie dans la France des ann\u00e9es 1980\u00a0: quels enjeux de modernisation de l\u2019obst\u00e9trique\u00a0? Quel(s) mod\u00e8le(s) d\u2019accouchement en concurrence\u00a0?<\/em><\/strong><\/li><\/ul>\n","protected":false},"excerpt":{"rendered":"<p>Lieu : Groupe Hospitalier Diaconesses Croix Saint-SimonP\u00f4le Maternit\u00e9-Fertilit\u00e918 rue du Sergent Bauchat75012 Paris Entr\u00e9e par la grille blanche : la salle France Qu\u00e9r\u00e9 est dans le b\u00e2timent en face (suivre les panneaux)M\u00e9tro : Montgallet ou Nation Programme : 9 h 30 &#8211; 11 h :\u00a0Diane de Wailly, psychologue clinicienne, PhD, h\u00f4pital Necker, Paris\u00a0:\u00a0Attendre un enfant&hellip;<\/p>\n<p class=\"more-link-wrapper\"><a class=\"more-link\" href=\"https:\/\/societe-histoire-naissance.fr\/?page_id=305\">Continue<\/a><\/p>\n","protected":false},"author":1,"featured_media":0,"parent":0,"menu_order":0,"comment_status":"closed","ping_status":"closed","template":"","meta":{"footnotes":""},"_links":{"self":[{"href":"https:\/\/societe-histoire-naissance.fr\/index.php?rest_route=\/wp\/v2\/pages\/305"}],"collection":[{"href":"https:\/\/societe-histoire-naissance.fr\/index.php?rest_route=\/wp\/v2\/pages"}],"about":[{"href":"https:\/\/societe-histoire-naissance.fr\/index.php?rest_route=\/wp\/v2\/types\/page"}],"author":[{"embeddable":true,"href":"https:\/\/societe-histoire-naissance.fr\/index.php?rest_route=\/wp\/v2\/users\/1"}],"replies":[{"embeddable":true,"href":"https:\/\/societe-histoire-naissance.fr\/index.php?rest_route=%2Fwp%2Fv2%2Fcomments&post=305"}],"version-history":[{"count":1,"href":"https:\/\/societe-histoire-naissance.fr\/index.php?rest_route=\/wp\/v2\/pages\/305\/revisions"}],"predecessor-version":[{"id":306,"href":"https:\/\/societe-histoire-naissance.fr\/index.php?rest_route=\/wp\/v2\/pages\/305\/revisions\/306"}],"wp:attachment":[{"href":"https:\/\/societe-histoire-naissance.fr\/index.php?rest_route=%2Fwp%2Fv2%2Fmedia&parent=305"}],"curies":[{"name":"wp","href":"https:\/\/api.w.org\/{rel}","templated":true}]}}