{"id":48,"date":"2018-01-18T12:50:25","date_gmt":"2018-01-18T11:50:25","guid":{"rendered":"http:\/\/societe-histoire-naissance.fr\/?page_id=48"},"modified":"2018-01-18T12:50:25","modified_gmt":"2018-01-18T11:50:25","slug":"qui-sommes-nous","status":"publish","type":"page","link":"https:\/\/societe-histoire-naissance.fr\/?page_id=48","title":{"rendered":"Qui sommes-nous ?"},"content":{"rendered":"<p>La Soci\u00e9t\u00e9 comprend actuellement une centaine de membres : sages-femmes, m\u00e9decins, psychologues, psychanalystes, personnels de sant\u00e9, historiens, sociologues anthropologues, philosophes.<\/p>\n","protected":false},"excerpt":{"rendered":"<p>La Soci\u00e9t\u00e9 comprend actuellement une centaine de membres : sages-femmes, m\u00e9decins, psychologues, psychanalystes, personnels de sant\u00e9, historiens, sociologues anthropologues, philosophes.<\/p>\n","protected":false},"author":1,"featured_media":0,"parent":11,"menu_order":0,"comment_status":"closed","ping_status":"closed","template":"","meta":{"footnotes":""},"_links":{"self":[{"href":"https:\/\/societe-histoire-naissance.fr\/index.php?rest_route=\/wp\/v2\/pages\/48"}],"collection":[{"href":"https:\/\/societe-histoire-naissance.fr\/index.php?rest_route=\/wp\/v2\/pages"}],"about":[{"href":"https:\/\/societe-histoire-naissance.fr\/index.php?rest_route=\/wp\/v2\/types\/page"}],"author":[{"embeddable":true,"href":"https:\/\/societe-histoire-naissance.fr\/index.php?rest_route=\/wp\/v2\/users\/1"}],"replies":[{"embeddable":true,"href":"https:\/\/societe-histoire-naissance.fr\/index.php?rest_route=%2Fwp%2Fv2%2Fcomments&post=48"}],"version-history":[{"count":1,"href":"https:\/\/societe-histoire-naissance.fr\/index.php?rest_route=\/wp\/v2\/pages\/48\/revisions"}],"predecessor-version":[{"id":49,"href":"https:\/\/societe-histoire-naissance.fr\/index.php?rest_route=\/wp\/v2\/pages\/48\/revisions\/49"}],"up":[{"embeddable":true,"href":"https:\/\/societe-histoire-naissance.fr\/index.php?rest_route=\/wp\/v2\/pages\/11"}],"wp:attachment":[{"href":"https:\/\/societe-histoire-naissance.fr\/index.php?rest_route=%2Fwp%2Fv2%2Fmedia&parent=48"}],"curies":[{"name":"wp","href":"https:\/\/api.w.org\/{rel}","templated":true}]}}