{"id":57,"date":"2018-01-18T13:07:10","date_gmt":"2018-01-18T12:07:10","guid":{"rendered":"http:\/\/societe-histoire-naissance.fr\/?page_id=57"},"modified":"2025-02-15T10:35:39","modified_gmt":"2025-02-15T09:35:39","slug":"les-journees-detudes","status":"publish","type":"page","link":"https:\/\/societe-histoire-naissance.fr\/?page_id=57","title":{"rendered":"Les journ\u00e9es d\u2019\u00e9tudes"},"content":{"rendered":"\n<div class=\"chapo_rub\">\n<p><span style=\"color: #ff0000;\">Pendant la crise sanitaire, les journ\u00e9es ont lieu en virtuel par Zoom.<\/span><\/p>\n<p>Les Journ\u00e9es en pr\u00e9sentiel se d\u00e9roulent <strong>actuellement&nbsp;<\/strong>:<\/p>\n<p><span style=\"color: #000000;\"><strong>Groupe Hospitalier Diaconesses Croix Saint-Simon<\/strong><\/span><br>\n<span style=\"color: #000000;\"><strong>P\u00f4le Maternit\u00e9-Fertilit\u00e9<\/strong><\/span><br>\n<span style=\"color: #000000;\"><strong>18 rue du Sergent Bauchat<\/strong><\/span><br>\n<span style=\"color: #000000;\"><strong>75012 Paris<\/strong><\/span><\/p>\n<p><span style=\"color: #000000;\">Entr\u00e9e par la grille blanche : la salle France Qu\u00e9r\u00e9 est dans le b\u00e2timent en face (suivre les panneaux).<\/span><\/p>\n<p><span style=\"color: #000000;\"><strong>M\u00e9tro : Montgallet ou Nation<\/strong><\/span><\/p>\n<p><a href=\"https:\/\/societe-histoire-naissance.fr\/?p=389\">Journ\u00e9e d&#8217;\u00e9tudes du 13 mars 2021<\/a><\/p>\n<p><a href=\"http:\/\/societe-histoire-naissance.fr\/?p=374\" target=\"_blank\" rel=\"noopener noreferrer\">Journ\u00e9e d&#8217;\u00e9tudes du 12 d\u00e9cembre 2020<\/a><\/p>\n<p><a href=\"http:\/\/societe-histoire-naissance.fr\/?p=325\">Journ\u00e9e d&#8217;\u00e9tudes du 14 mars 2020<\/a><\/p>\n<p><a href=\"http:\/\/societe-histoire-naissance.fr\/?page_id=313\">Journ\u00e9e d&#8217;\u00e9tudes du 14 septembre 2019<\/a><\/p>\n<p><a href=\"http:\/\/societe-histoire-naissance.fr\/?page_id=305\">Journ\u00e9e d&#8217;\u00e9tudes du 15 juin 2019<\/a><\/p>\n<p><a href=\"http:\/\/societe-histoire-naissance.fr\/?page_id=299\">Journ\u00e9e d&#8217;\u00e9tudes du 9 mars 2019<\/a><\/p>\n<p><a href=\"https:\/\/societe-histoire-naissance.fr\/?page_id=273&amp;preview_id=273&amp;preview_nonce=08ed1de5de&amp;_thumbnail_id=-1&amp;preview=true\">Journ\u00e9e d&#8217;\u00e9tudes du 8 d\u00e9cembre 2018<\/a><\/p>\n<p><a href=\"http:\/\/societe-histoire-naissance.fr\/?page_id=215\">Journ\u00e9e d&#8217;\u00e9tudes du 15 septembre 2018<\/a><\/p>\n<p><a href=\"http:\/\/societe-histoire-naissance.fr\/?page_id=193\">Journ\u00e9e d&#8217;\u00e9tudes du 9 juin 2018<\/a><\/p>\n<p><a href=\"\/index.php?page_id=61\">Journ\u00e9e d&#8217;\u00e9tudes du 11 mars 2017<\/a><\/p>\n<p><a href=\"\/index.php?page_id=66\">Journ\u00e9e d&#8217;\u00e9tudes du 10 d\u00e9cembre 2016<\/a><\/p>\n<p><a href=\"\/index.php?page_id=71\">Journ\u00e9e d&#8217;\u00e9tudes du 11 juin 2016<\/a><\/p>\n<p><a href=\"\/index.php?page_id=73\">Journ\u00e9e d&#8217;\u00e9tudes du 12 mars 2016<\/a><\/p>\n<p><a href=\"\/index.php?page_id=75\">Journ\u00e9e d&#8217;\u00e9tudes du 12 d\u00e9cembre 2015<\/a><\/p>\n<p><a href=\"\/index.php?page_id=77\">Journ\u00e9e d&#8217;\u00e9tudes du 12 septembre 2015<\/a><\/p>\n<p><a href=\"\/index.php?page_id=82\">Journ\u00e9e d&#8217;\u00e9tudes du 13 juin 2015<\/a><\/p>\n<p><a href=\"\/index.php?page_id=80\">Journ\u00e9e d&#8217;\u00e9tudes du 14 mars 2015<\/a><\/p>\n<p><a href=\"http:\/\/societe-histoire-naissance.fr\/?page_id=141\">Journ\u00e9e d&#8217;\u00e9tudes du 13 d\u00e9cembre 2014<\/a><\/p>\n<p><a href=\"http:\/\/societe-histoire-naissance.fr\/?page_id=139\"> Journ\u00e9e d\u2019\u00e9tudes du 13 septembre 2014<\/a><\/p>\n<p><a href=\"http:\/\/societe-histoire-naissance.fr\/?page_id=135\">Journ\u00e9e d&#8217;\u00e9tudes du 14 juin 2014<\/a><\/p>\n<p><a href=\"http:\/\/societe-histoire-naissance.fr\/?page_id=137\">Journ\u00e9e d&#8217;\u00e9tudes du 15 mars 2014<\/a><\/p>\n<p>Journ\u00e9e d&#8217;\u00e9tudes du 14 d\u00e9cembre 2013<\/p>\n<p><a href=\"http:\/\/societe-histoire-naissance.fr\/?page_id=129\">Journ\u00e9e d&#8217;\u00e9tudes du 8 juin 2013<\/a><\/p>\n<p><a href=\"http:\/\/societe-histoire-naissance.fr\/?page_id=123\">Journ\u00e9e d&#8217;\u00e9tudes du 23 mars 2013<\/a><\/p>\n<p><a href=\"http:\/\/societe-histoire-naissance.fr\/?page_id=125\">Journ\u00e9e d&#8217;\u00e9tudes du 8 d\u00e9cembre 2012<\/a><\/p>\n<p><a href=\"\/index.php?page_id=116\">Journ\u00e9e d&#8217;\u00e9tudes du 15 septembre 2012<\/a><\/p>\n<p><a href=\"http:\/\/societe-histoire-naissance.fr\/?page_id=132\">Journ\u00e9e d&#8217;\u00e9tudes du 9 juin 2012<\/a><\/p>\n<p><a href=\"\/index.php?page_id=112\">Journ\u00e9e d&#8217;\u00e9tudes du 10 mars 2012<\/a><\/p>\n<p>Journ\u00e9e d&#8217;\u00e9tudes du 10 septembre 2011<\/p>\n<p>Journ\u00e9e d&#8217;\u00e9tudes du 12 d\u00e9cembre 2009<\/p>\n<p><a href=\"\/index.php?page_id=101\">Archives des communications (2000-2009)<\/a><\/p>\n<\/div>\n","protected":false},"excerpt":{"rendered":"<p>Pendant la crise sanitaire, les journ\u00e9es ont lieu en virtuel par Zoom. Les Journ\u00e9es en pr\u00e9sentiel se d\u00e9roulent actuellement&nbsp;: Groupe Hospitalier Diaconesses Croix Saint-Simon P\u00f4le Maternit\u00e9-Fertilit\u00e9 18 rue du Sergent Bauchat 75012 Paris Entr\u00e9e par la grille blanche : la salle France Qu\u00e9r\u00e9 est dans le b\u00e2timent en face (suivre les panneaux). M\u00e9tro : Montgallet&hellip;<\/p>\n<p class=\"more-link-wrapper\"><a class=\"more-link\" href=\"https:\/\/societe-histoire-naissance.fr\/?page_id=57\">Continue<\/a><\/p>\n","protected":false},"author":1,"featured_media":0,"parent":12,"menu_order":0,"comment_status":"closed","ping_status":"closed","template":"","meta":{"footnotes":""},"_links":{"self":[{"href":"https:\/\/societe-histoire-naissance.fr\/index.php?rest_route=\/wp\/v2\/pages\/57"}],"collection":[{"href":"https:\/\/societe-histoire-naissance.fr\/index.php?rest_route=\/wp\/v2\/pages"}],"about":[{"href":"https:\/\/societe-histoire-naissance.fr\/index.php?rest_route=\/wp\/v2\/types\/page"}],"author":[{"embeddable":true,"href":"https:\/\/societe-histoire-naissance.fr\/index.php?rest_route=\/wp\/v2\/users\/1"}],"replies":[{"embeddable":true,"href":"https:\/\/societe-histoire-naissance.fr\/index.php?rest_route=%2Fwp%2Fv2%2Fcomments&post=57"}],"version-history":[{"count":27,"href":"https:\/\/societe-histoire-naissance.fr\/index.php?rest_route=\/wp\/v2\/pages\/57\/revisions"}],"predecessor-version":[{"id":518,"href":"https:\/\/societe-histoire-naissance.fr\/index.php?rest_route=\/wp\/v2\/pages\/57\/revisions\/518"}],"up":[{"embeddable":true,"href":"https:\/\/societe-histoire-naissance.fr\/index.php?rest_route=\/wp\/v2\/pages\/12"}],"wp:attachment":[{"href":"https:\/\/societe-histoire-naissance.fr\/index.php?rest_route=%2Fwp%2Fv2%2Fmedia&parent=57"}],"curies":[{"name":"wp","href":"https:\/\/api.w.org\/{rel}","templated":true}]}}