{"id":73,"date":"2018-01-24T18:27:06","date_gmt":"2018-01-24T17:27:06","guid":{"rendered":"http:\/\/societe-histoire-naissance.fr\/?page_id=73"},"modified":"2018-01-24T18:27:27","modified_gmt":"2018-01-24T17:27:27","slug":"journee-detudes-du-12-mars-2016","status":"publish","type":"page","link":"https:\/\/societe-histoire-naissance.fr\/?page_id=73","title":{"rendered":"Journ\u00e9e d\u2019\u00e9tudes du 12 mars 2016"},"content":{"rendered":"<p>La prochaine Journ\u00e9e d\u2019\u00e9tudes de la SHN se d\u00e9roulera le samedi 12 mars 2016 \u00e0 la maternit\u00e9 de Port-Royal (123, Bd de Port-Royal, 75014 Paris, b\u00e2timent PR1, salle 3, rez de jardin, prendre l\u2019ascenseur B et ensuite sur la gauche). Au programme&#8230;<\/p>\n<p>9 h 30 \u2013 11 h : Maya Gratier, professeure de psychologie du d\u00e9veloppement, Universit\u00e9 Paris Ouest : Du d\u00e9sir d\u2019appartenir : continuit\u00e9s entre le bain amniotique et le bain culturel.<\/p>\n<p>11 h &#8211; 12 h 30 : Sylvie Zylka, sage-femme formatrice, \u00c9cole de sages-femmes de Dijon : La formation des sages-femmes depuis les ann\u00e9es 70.<\/p>\n<p>12 h 30 \u2013 14 h : repas au restaurant de l\u2019h\u00f4pital.<\/p>\n<p>14 h &#8211; 15 h 30 : B\u00e9atrice Jacques, sociologue, Universit\u00e9 de Bordeaux : Des \u00e9ducateurs en p\u00e9rinatalit\u00e9 : un nouveau m\u00e9tier pour repenser la naissance en Roumanie.<\/p>\n<p>15 h 30 &#8211; 17 h : Assembl\u00e9e g\u00e9n\u00e9rale de la Soci\u00e9t\u00e9 d\u2019Histoire de la Naissance : rapport moral \/ bilan financier \/ rapport d\u2019activit\u00e9 \/ \u00e9lection du nouveau CA \/ pr\u00e9paration du colloque \u00ab La naissance au risque de la mort, d\u2019hier \u00e0 aujourd\u2019hui \u00bb (Paris, 17-18 septembre 2016).<\/p>\n","protected":false},"excerpt":{"rendered":"<p>La prochaine Journ\u00e9e d\u2019\u00e9tudes de la SHN se d\u00e9roulera le samedi 12 mars 2016 \u00e0 la maternit\u00e9 de Port-Royal (123, Bd de Port-Royal, 75014 Paris, b\u00e2timent PR1, salle 3, rez de jardin, prendre l\u2019ascenseur B et ensuite sur la gauche). Au programme&#8230; 9 h 30 \u2013 11 h : Maya Gratier, professeure de psychologie du&hellip;<\/p>\n<p class=\"more-link-wrapper\"><a class=\"more-link\" href=\"https:\/\/societe-histoire-naissance.fr\/?page_id=73\">Continue<\/a><\/p>\n","protected":false},"author":1,"featured_media":0,"parent":57,"menu_order":0,"comment_status":"closed","ping_status":"closed","template":"","meta":{"footnotes":""},"_links":{"self":[{"href":"https:\/\/societe-histoire-naissance.fr\/index.php?rest_route=\/wp\/v2\/pages\/73"}],"collection":[{"href":"https:\/\/societe-histoire-naissance.fr\/index.php?rest_route=\/wp\/v2\/pages"}],"about":[{"href":"https:\/\/societe-histoire-naissance.fr\/index.php?rest_route=\/wp\/v2\/types\/page"}],"author":[{"embeddable":true,"href":"https:\/\/societe-histoire-naissance.fr\/index.php?rest_route=\/wp\/v2\/users\/1"}],"replies":[{"embeddable":true,"href":"https:\/\/societe-histoire-naissance.fr\/index.php?rest_route=%2Fwp%2Fv2%2Fcomments&post=73"}],"version-history":[{"count":1,"href":"https:\/\/societe-histoire-naissance.fr\/index.php?rest_route=\/wp\/v2\/pages\/73\/revisions"}],"predecessor-version":[{"id":74,"href":"https:\/\/societe-histoire-naissance.fr\/index.php?rest_route=\/wp\/v2\/pages\/73\/revisions\/74"}],"up":[{"embeddable":true,"href":"https:\/\/societe-histoire-naissance.fr\/index.php?rest_route=\/wp\/v2\/pages\/57"}],"wp:attachment":[{"href":"https:\/\/societe-histoire-naissance.fr\/index.php?rest_route=%2Fwp%2Fv2%2Fmedia&parent=73"}],"curies":[{"name":"wp","href":"https:\/\/api.w.org\/{rel}","templated":true}]}}