{"id":75,"date":"2018-01-24T18:29:36","date_gmt":"2018-01-24T17:29:36","guid":{"rendered":"http:\/\/societe-histoire-naissance.fr\/?page_id=75"},"modified":"2018-01-24T18:29:36","modified_gmt":"2018-01-24T17:29:36","slug":"journee-detudes-du-12-decembre-2015","status":"publish","type":"page","link":"https:\/\/societe-histoire-naissance.fr\/?page_id=75","title":{"rendered":"Journ\u00e9e d\u2019\u00e9tudes du 12 d\u00e9cembre 2015"},"content":{"rendered":"<p>La prochaine Journ\u00e9e d\u2019\u00e9tudes de la SHN se d\u00e9roulera le samedi 12 d\u00e9cembre 2015 \u00e0 la maternit\u00e9 de Port-Royal (123, Bd de Port-Royal, 75014 Paris, b\u00e2timent PR1, salle 3, rez de jardin, prendre l\u2019ascenseur B et ensuite sur la gauche). Au programme&#8230;<\/p>\n<p>9 h 30 \u2013 11 h : Fran\u00e7oise Mol\u00e9nat, p\u00e9dopsychiatre, \u00ab Soins p\u00e9rinataux : de l\u2019\u00e9vidence \u00e0 la rigueur \u00bb<\/p>\n<p>11 h &#8211; 12 h 30 : Danielle Rapoport, psychologue, Retour sur le film r\u00e9alis\u00e9 \u00e0 la pouponni\u00e8re de l\u2019Assistance publique en 1978 : \u00ab Enfants en pouponni\u00e8re demandent assistance \u00bb<\/p>\n<p>12 h 30 &#8211; 12 h 40 : pr\u00e9sentation d\u2019un projet de film \u00ab Accoucher autrement \u00bb par Camille Teixeira, cin\u00e9aste. Voir www.touscoprod.com\/fr\/accoucherautrement ou le blog http:\/\/accoucher-autrement.blogspot.fr\/<\/p>\n<p>12 h 40 \u2013 14 h : repas au restaurant de l\u2019h\u00f4pital.<\/p>\n<p>14 h &#8211; 15 h 30 : Philippe Charrier et Ga\u00eblle Clavandier, sociologues, \u00e0 propos de leur livre, Sociologie de la Naissance, Armand Colin, 2013.<\/p>\n<p>15 h 30 &#8211; 17 h : B\u00e9atrice Jacques et Christina Parvu, sociologues, \u00ab De nouveaux acteurs de la p\u00e9rinatalit\u00e9 pour d\u00e9m\u00e9dicaliser la naissance en Roumanie \u00bb<\/p>\n<p>17 h -17 h 30 : Le point sur la pr\u00e9paration du prochain colloque : La naissance au risque de la mort d\u2019hier \u00e0 aujourd\u2019hui (Paris, septembre 2016).<\/p>\n","protected":false},"excerpt":{"rendered":"<p>La prochaine Journ\u00e9e d\u2019\u00e9tudes de la SHN se d\u00e9roulera le samedi 12 d\u00e9cembre 2015 \u00e0 la maternit\u00e9 de Port-Royal (123, Bd de Port-Royal, 75014 Paris, b\u00e2timent PR1, salle 3, rez de jardin, prendre l\u2019ascenseur B et ensuite sur la gauche). Au programme&#8230; 9 h 30 \u2013 11 h : Fran\u00e7oise Mol\u00e9nat, p\u00e9dopsychiatre, \u00ab Soins p\u00e9rinataux&hellip;<\/p>\n<p class=\"more-link-wrapper\"><a class=\"more-link\" href=\"https:\/\/societe-histoire-naissance.fr\/?page_id=75\">Continue<\/a><\/p>\n","protected":false},"author":1,"featured_media":0,"parent":57,"menu_order":0,"comment_status":"closed","ping_status":"closed","template":"","meta":{"footnotes":""},"_links":{"self":[{"href":"https:\/\/societe-histoire-naissance.fr\/index.php?rest_route=\/wp\/v2\/pages\/75"}],"collection":[{"href":"https:\/\/societe-histoire-naissance.fr\/index.php?rest_route=\/wp\/v2\/pages"}],"about":[{"href":"https:\/\/societe-histoire-naissance.fr\/index.php?rest_route=\/wp\/v2\/types\/page"}],"author":[{"embeddable":true,"href":"https:\/\/societe-histoire-naissance.fr\/index.php?rest_route=\/wp\/v2\/users\/1"}],"replies":[{"embeddable":true,"href":"https:\/\/societe-histoire-naissance.fr\/index.php?rest_route=%2Fwp%2Fv2%2Fcomments&post=75"}],"version-history":[{"count":1,"href":"https:\/\/societe-histoire-naissance.fr\/index.php?rest_route=\/wp\/v2\/pages\/75\/revisions"}],"predecessor-version":[{"id":76,"href":"https:\/\/societe-histoire-naissance.fr\/index.php?rest_route=\/wp\/v2\/pages\/75\/revisions\/76"}],"up":[{"embeddable":true,"href":"https:\/\/societe-histoire-naissance.fr\/index.php?rest_route=\/wp\/v2\/pages\/57"}],"wp:attachment":[{"href":"https:\/\/societe-histoire-naissance.fr\/index.php?rest_route=%2Fwp%2Fv2%2Fmedia&parent=75"}],"curies":[{"name":"wp","href":"https:\/\/api.w.org\/{rel}","templated":true}]}}