{"id":82,"date":"2018-01-24T18:36:07","date_gmt":"2018-01-24T17:36:07","guid":{"rendered":"http:\/\/societe-histoire-naissance.fr\/?page_id=82"},"modified":"2018-01-24T18:36:07","modified_gmt":"2018-01-24T17:36:07","slug":"journee-detudes-du-13-juin-2015","status":"publish","type":"page","link":"https:\/\/societe-histoire-naissance.fr\/?page_id=82","title":{"rendered":"Journ\u00e9e d\u2019\u00e9tudes du 13 juin 2015"},"content":{"rendered":"<p>La prochaine Journ\u00e9e d\u2019\u00e9tudes de la SHN se d\u00e9roulera le samedi 13 juin 2015 \u00e0 la maternit\u00e9 de Port-Royal (123, Bd de Port-Royal, 75014 Paris, b\u00e2timent PR1, salle 3, rez de jardin, prendre l\u2019ascenseur B et ensuite sur la gauche). Au programme&#8230;<\/p>\n<p>La prochaine Journ\u00e9e d\u2019\u00e9tudes de la SHN se d\u00e9roulera le samedi 13 juin 2015 \u00e0 la maternit\u00e9 de Port-Royal (123, Bd de Port-Royal, 75014 Paris, b\u00e2timent PR1, salle 3, rez de jardin, prendre l\u2019ascenseur B et ensuite sur la gauche). Au programme :<\/p>\n<p>9 h 30 \u2013 11 h : Val\u00e9rie Worth, professeur d\u2019histoire au Trinity College d\u2019Oxford : \u00ab La st\u00e9rilit\u00e9 \u201cpremier monstre de Nature\u201d : conseils de sages-femmes et de m\u00e9decins (1500-1700) \u00bb<\/p>\n<p>11 h \u2013 12 h 30 : Amaya Garcia Arregui, doctorante \u00e0 Madrid : \u00ab Des douleurs bien patriotiques : l\u2019introduction de l\u2019Accouchement Sans Douleur dans l\u2019Espagne franquiste (1950-1970) \u00bb<\/p>\n<p>12 h 30 \u2013 14 h : repas au restaurant de l\u2019h\u00f4pital.<\/p>\n<p>14 h \u2013 16 h : Chlo\u00e9 Guerber-Cahuzac, r\u00e9alisatrice, auteure de L\u2019autre naissance, film d\u20191 h 13 racontant la difficult\u00e9 de certaines femmes \u00e0 \u00eatre m\u00e8res (voir la <a href=\"http:\/\/vimeo.com\/104923897\">bande annonce<\/a>)<\/p>\n<p>16 h \u2013 17 h : pr\u00e9paration du prochain colloque, \u00ab La naissance au risque de la mort d\u2019hier \u00e0 aujourd\u2019hui \u00bb (Paris, septembre 2016).<\/p>\n","protected":false},"excerpt":{"rendered":"<p>La prochaine Journ\u00e9e d\u2019\u00e9tudes de la SHN se d\u00e9roulera le samedi 13 juin 2015 \u00e0 la maternit\u00e9 de Port-Royal (123, Bd de Port-Royal, 75014 Paris, b\u00e2timent PR1, salle 3, rez de jardin, prendre l\u2019ascenseur B et ensuite sur la gauche). Au programme&#8230; La prochaine Journ\u00e9e d\u2019\u00e9tudes de la SHN se d\u00e9roulera le samedi 13 juin&hellip;<\/p>\n<p class=\"more-link-wrapper\"><a class=\"more-link\" href=\"https:\/\/societe-histoire-naissance.fr\/?page_id=82\">Continue<\/a><\/p>\n","protected":false},"author":1,"featured_media":0,"parent":57,"menu_order":0,"comment_status":"closed","ping_status":"closed","template":"","meta":{"footnotes":""},"_links":{"self":[{"href":"https:\/\/societe-histoire-naissance.fr\/index.php?rest_route=\/wp\/v2\/pages\/82"}],"collection":[{"href":"https:\/\/societe-histoire-naissance.fr\/index.php?rest_route=\/wp\/v2\/pages"}],"about":[{"href":"https:\/\/societe-histoire-naissance.fr\/index.php?rest_route=\/wp\/v2\/types\/page"}],"author":[{"embeddable":true,"href":"https:\/\/societe-histoire-naissance.fr\/index.php?rest_route=\/wp\/v2\/users\/1"}],"replies":[{"embeddable":true,"href":"https:\/\/societe-histoire-naissance.fr\/index.php?rest_route=%2Fwp%2Fv2%2Fcomments&post=82"}],"version-history":[{"count":1,"href":"https:\/\/societe-histoire-naissance.fr\/index.php?rest_route=\/wp\/v2\/pages\/82\/revisions"}],"predecessor-version":[{"id":83,"href":"https:\/\/societe-histoire-naissance.fr\/index.php?rest_route=\/wp\/v2\/pages\/82\/revisions\/83"}],"up":[{"embeddable":true,"href":"https:\/\/societe-histoire-naissance.fr\/index.php?rest_route=\/wp\/v2\/pages\/57"}],"wp:attachment":[{"href":"https:\/\/societe-histoire-naissance.fr\/index.php?rest_route=%2Fwp%2Fv2%2Fmedia&parent=82"}],"curies":[{"name":"wp","href":"https:\/\/api.w.org\/{rel}","templated":true}]}}